{"id":1006,"date":"2017-11-08T13:38:16","date_gmt":"2017-11-08T13:38:16","guid":{"rendered":"http:\/\/aalto.edge-themes.com\/?page_id=1006"},"modified":"2021-09-05T09:57:20","modified_gmt":"2021-09-05T06:57:20","slug":"dekkap-uhpc","status":"publish","type":"page","link":"http:\/\/dekkap.com\/tr\/dekkap-uhpc\/","title":{"rendered":"Dekkap UHPC"},"content":{"rendered":"<p>[vc_row][vc_column]<div class=\"edgtf-elements-holder   edgtf-one-column  edgtf-responsive-mode-768 \" ><div class=\"edgtf-eh-item    \"  data-item-class=\"edgtf-eh-custom-1115\">\n\t<div class=\"edgtf-eh-item-inner\">\n\t\t<div class=\"edgtf-eh-item-content edgtf-eh-custom-1115\" style=\"padding: 0 11% 0 13%\">\n\t\t\t[vc_empty_space][vc_column_text]<strong>CEPHE PANELLER\u0130NDE UHPC BETON KULLANIMI<\/strong><\/p>\n<p>Beton tasar\u0131m\u0131nda son y\u0131llarda ya\u015fanan geli\u015fmeler, betonu yepyeni mekanik \u00f6zelliklerle ba\u015fka bir boyuta ta\u015f\u0131m\u0131\u015ft\u0131r. Betonda ya\u015fanan bu geli\u015fmeler sayesinde, y\u00fcksek performansl\u0131 \u00fcr\u00fcn ihtiyac\u0131n\u0131n oldu\u011funa kuvvetle inan\u0131yoruz.<br \/>\nUHPC betondan yap\u0131lm\u0131\u015f prekast cephe panelleri ile kar\u015f\u0131lanacakt\u0131r. UHPC Prekast paneller sahip oldu\u011fu y\u00fcksek fiziksel \u00f6zellikler ve farkl\u0131 \u00f6zelliklerdeki lif kar\u0131\u015f\u0131m\u0131 sayesinde betonu mimarlar\u0131n ihtiya\u00e7 duyaca\u011f\u0131 en zorlu formlara d\u00f6n\u00fc\u015ft\u00fcr\u00fcrken, maksimum fiziksel \u00f6zellikleri sayesinde cephe kaplamas\u0131nda en \u00e7ok tercih edilen malzeme haline geliyor. \u00c7imento esasl\u0131, y\u00fcksek mukavemetli, geli\u015fmi\u015f mekanik \u00f6zelliklere sahip, \u00fcst\u00fcn fiziksel \u00f6zelliklere sahip, m\u00fckemmel s\u00fcneklik ve \u00e7ok d\u00fc\u015f\u00fck ge\u00e7irgenli\u011fe sahip kompozit malzemedir. S\u0131radan \u00e7imento esasl\u0131 malzemelerle kar\u015f\u0131la\u015ft\u0131r\u0131ld\u0131\u011f\u0131nda,<br \/>\nUHPC&#8217;deki geli\u015fimin en \u00f6nemli y\u00f6n\u00fc, yap\u0131daki partik\u00fcllerin homojenli\u011fi, porozitenin azalmas\u0131 ve buna ba\u011fl\u0131 olarak mikro yap\u0131n\u0131n geli\u015fmesidir. UHPC beton tasar\u0131m\u0131ndaki ana yakla\u015f\u0131mlar, sistemden b\u00fcy\u00fck agregan\u0131n \u00e7\u0131kar\u0131lmas\u0131, su\/ba\u011flay\u0131c\u0131 oran\u0131n\u0131n azalt\u0131lmas\u0131, silika bile\u015fikleri kullan\u0131larak CaO\/SiO2 oran\u0131n\u0131n azalt\u0131lmas\u0131, Portland \u00e7imentosunun kimyasal yap\u0131s\u0131n\u0131n y\u00fcksek mukavemetli \u00fcretebilmek i\u00e7in optimizasyonu olarak s\u0131ralanabilir. K\u0131r\u0131lganl\u0131\u011f\u0131 \u00f6nlemek i\u00e7in farkl\u0131 \u00f6zelliklerde hidratlar ve lif kullan\u0131m\u0131.<br \/>\nDEKKAP Panel \u00fcst\u00fcn \u00f6zelliklere sahip bu UHPC Prekast panelleri DEKKAP markas\u0131 alt\u0131nda sizler i\u00e7in sunmaktad\u0131r.<\/p>\n<p>Sayg\u0131lar\u0131mla<br \/>\n<strong>Ali Haydar G\u00fcler<\/strong><br \/>\nY\u00f6netim Kurulu Ba\u015fkan\u0131[\/vc_column_text][vc_empty_space]\t\t<\/div>\n\t<\/div>\n<\/div><\/div>[\/vc_column][\/vc_row]<\/p>\n","protected":false},"excerpt":{"rendered":"<p>[vc_row][vc_column][\/vc_column][\/vc_row]<\/p>\n","protected":false},"author":1,"featured_media":0,"parent":0,"menu_order":0,"comment_status":"closed","ping_status":"closed","template":"full-width.php","meta":{"footnotes":""},"class_list":["post-1006","page","type-page","status-publish","hentry"],"_links":{"self":[{"href":"http:\/\/dekkap.com\/tr\/wp-json\/wp\/v2\/pages\/1006","targetHints":{"allow":["GET"]}}],"collection":[{"href":"http:\/\/dekkap.com\/tr\/wp-json\/wp\/v2\/pages"}],"about":[{"href":"http:\/\/dekkap.com\/tr\/wp-json\/wp\/v2\/types\/page"}],"author":[{"embeddable":true,"href":"http:\/\/dekkap.com\/tr\/wp-json\/wp\/v2\/users\/1"}],"replies":[{"embeddable":true,"href":"http:\/\/dekkap.com\/tr\/wp-json\/wp\/v2\/comments?post=1006"}],"version-history":[{"count":0,"href":"http:\/\/dekkap.com\/tr\/wp-json\/wp\/v2\/pages\/1006\/revisions"}],"wp:attachment":[{"href":"http:\/\/dekkap.com\/tr\/wp-json\/wp\/v2\/media?parent=1006"}],"curies":[{"name":"wp","href":"https:\/\/api.w.org\/{rel}","templated":true}]}}