{"id":4426,"date":"2021-05-23T13:22:51","date_gmt":"2021-05-23T10:22:51","guid":{"rendered":"https:\/\/dekkap.com\/?page_id=4426"},"modified":"2021-09-24T10:12:39","modified_gmt":"2021-09-24T07:12:39","slug":"dekkap-system","status":"publish","type":"page","link":"http:\/\/dekkap.com\/tr\/dekkap-system\/","title":{"rendered":"Dekkap Sistemi"},"content":{"rendered":"<p>[vc_row equal_height=&#8221;yes&#8221; css=&#8221;.vc_custom_1621765510709{background-image: url(https:\/\/dekkap.com\/wp-content\/uploads\/2021\/05\/material-1-scaled-copy.jpg?id=4428) !important;background-position: center !important;background-repeat: no-repeat !important;background-size: cover !important;}&#8221;][vc_column width=&#8221;1\/4&#8243;][\/vc_column][vc_column width=&#8221;1\/2&#8243;][vc_empty_space height=&#8221;80px&#8221;][vc_empty_space height=&#8221;100px&#8221;]<div class=\"edgtf-section-title-holder  edgtf-st-standard  edgtf-st-position-left edgtf-appear-fx\" style=\"padding: 0 12%;text-align: center\">\n\t\t<div class=\"edgtf-st-inner\">\n                    <div class=\"edgtf-st-title-holder\">\n                <h1 class=\"edgtf-st-title\" style=\"color: #202020\">\n                    DEKKAP UHPC                <\/h1>\n            <\/div>\n\t\t\t\t\t<\/div>\n    <\/div>[vc_empty_space height=&#8221;100px&#8221;][vc_empty_space height=&#8221;100px&#8221;][\/vc_column][vc_column width=&#8221;1\/4&#8243;][\/vc_column][\/vc_row][vc_row full_height=&#8221;yes&#8221; equal_height=&#8221;yes&#8221; css=&#8221;.vc_custom_1511793747709{padding-top: 69px !important;padding-bottom: 70px !important;}&#8221;][vc_column][vc_row_inner row_content_width=&#8221;grid&#8221;][vc_column_inner offset=&#8221;vc_col-lg-6 vc_col-md-12 vc_col-xs-12&#8243;]<div class=\"edgtf-elements-holder   edgtf-one-column  edgtf-responsive-mode-1024 \" ><div class=\"edgtf-eh-item   edgtf-horizontal-alignment-center \"  data-item-class=\"edgtf-eh-custom-3858\" data-768-1024=\"30px 14% 6px 14%\" data-680-768=\"30px 15% 0px 15%\">\n\t<div class=\"edgtf-eh-item-inner\">\n\t\t<div class=\"edgtf-eh-item-content edgtf-eh-custom-3858\" style=\"padding: 30px 11% 29px 0%\">\n\t\t\t<div class=\"edgtf-image-gallery  edgtf-ig-slider-type edgtf-large-space   edgtf-nav-position-outside\">\n\t<div class=\"edgtf-ig-slider edgtf-owl-slider\" data-number-of-items=\"1\" data-enable-loop=\"yes\" data-enable-autoplay=\"yes\" data-slider-speed=\"5000\" data-slider-speed-animation=\"600\" data-slider-padding=\"no\" data-enable-navigation=\"yes\" data-enable-pagination=\"yes\">\n\t\t\t\t\t<div class=\"edgtf-ig-image\">\n\t\t\t\t\t\t\t\t\t<img loading=\"lazy\" decoding=\"async\" src=\"http:\/\/dekkap.com\/wp-content\/uploads\/2021\/08\/uhpc3-417x412.jpg\" alt=\"\" width=\"417\" height=\"412\" \/>\t\t\t\t\t\t\t<\/div>\n\t\t\t\t\t<div class=\"edgtf-ig-image\">\n\t\t\t\t\t\t\t\t\t<img loading=\"lazy\" decoding=\"async\" src=\"http:\/\/dekkap.com\/wp-content\/uploads\/2021\/08\/uhpc4-417x412.jpg\" alt=\"\" width=\"417\" height=\"412\" \/>\t\t\t\t\t\t\t<\/div>\n\t\t\t\t\t<div class=\"edgtf-ig-image\">\n\t\t\t\t\t\t\t\t\t<img loading=\"lazy\" decoding=\"async\" src=\"http:\/\/dekkap.com\/wp-content\/uploads\/2021\/08\/uhpc5-417x412.jpg\" alt=\"\" width=\"417\" height=\"412\" \/>\t\t\t\t\t\t\t<\/div>\n\t\t\t\t\t<div class=\"edgtf-ig-image\">\n\t\t\t\t\t\t\t\t\t<img loading=\"lazy\" decoding=\"async\" src=\"http:\/\/dekkap.com\/wp-content\/uploads\/2021\/08\/uhpc6-417x412.jpg\" alt=\"\" width=\"417\" height=\"412\" \/>\t\t\t\t\t\t\t<\/div>\n\t\t\t\t\t<div class=\"edgtf-ig-image\">\n\t\t\t\t\t\t\t\t\t<img loading=\"lazy\" decoding=\"async\" src=\"http:\/\/dekkap.com\/wp-content\/uploads\/2021\/08\/uhpc7-417x412.jpg\" alt=\"\" width=\"417\" height=\"412\" \/>\t\t\t\t\t\t\t<\/div>\n\t\t\t\t\t<div class=\"edgtf-ig-image\">\n\t\t\t\t\t\t\t\t\t<img loading=\"lazy\" decoding=\"async\" src=\"http:\/\/dekkap.com\/wp-content\/uploads\/2021\/08\/uhpc8-417x412.jpg\" alt=\"\" width=\"417\" height=\"412\" \/>\t\t\t\t\t\t\t<\/div>\n\t\t\t<\/div>\n<\/div>\t\t<\/div>\n\t<\/div>\n<\/div><\/div>[\/vc_column_inner][vc_column_inner offset=&#8221;vc_col-lg-6 vc_col-md-12 vc_col-xs-12&#8243;]<div class=\"edgtf-elements-holder   edgtf-one-column  edgtf-responsive-mode-768 \" ><div class=\"edgtf-eh-item    \"  data-item-class=\"edgtf-eh-custom-6894\" data-1024-1280=\"22px 4% 0 15%\" data-768-1024=\"22px 16% 93px 14%\" data-680-768=\"22px 4% 92px 14%\" data-680=\"22px 4% 80px 14%\">\n\t<div class=\"edgtf-eh-item-inner\">\n\t\t<div class=\"edgtf-eh-item-content edgtf-eh-custom-6894\" style=\"padding: 12px 4% 0 14%\">\n\t\t\t[vc_column_text]Klimal\u0131 Cephe Sistemleri i\u00e7in \u00fcretilen Cephe Kaplama Panelleri, d\u0131\u015f cepheden kaynaklanacak suyun ara bo\u015fluklara ge\u00e7i\u015fini en aza indirir. Paneller ve izolasyon aras\u0131nda iklimlendirme alan\u0131 olu\u015fturuldu\u011fu i\u00e7in dengeli oda havas\u0131 sa\u011flan\u0131r. \u015eiddetli ya\u011f\u0131\u015f, dolu gibi hava olaylar\u0131na kar\u015f\u0131 koruma sa\u011flar. \u0130\u00e7 cephe ile mekan aras\u0131nda olu\u015fan s\u0131cakl\u0131k fark\u0131 \u201cY\u0131\u011f\u0131n Etkisi\u201d olu\u015fturarak hem yo\u011fu\u015fman\u0131n hem de d\u0131\u015f cepheden gelen su buhar\u0131n\u0131n h\u0131zla tahliye edilmesine neden olur. Bu nedenle yal\u0131t\u0131m kuru tutulur ve y\u0131llarca enerji verimlili\u011fi korunur. Yal\u0131t\u0131m\u0131n bak\u0131m\u0131 ile birlikte ses emilimi y\u0131llarca ayn\u0131 seviyede tutulur.<\/p>\n<p>UHPC Paneller kimyasal i\u015flemlere tabi tutulmaz veya boyanmaz ise y\u00fczeyde k\u00fc\u00e7\u00fck kusurlar, ezilmeler, gerilmeler, sabitleme sistemi izleri veya doku kusurlar\u0131 g\u00f6r\u00fclebilir. Betonun ana bile\u015fenlerinden biri olan \u00e7imentonun kuruma i\u015flemi s\u0131ras\u0131nda, kalsiyum hidroksit yap\u0131 i\u00e7inde su i\u00e7inde \u00e7\u00f6z\u00fcl\u00fcr ve \u00e7\u00f6z\u00fcl\u00fcr. Betondan su \u00e7\u0131karken y\u00fczeye \u00e7\u0131kar ve kalsiyum karbonat (kire\u00e7) olu\u015fur. Kalsiyum karbonat, ortam ko\u015fullar\u0131ndaki de\u011fi\u015fikliklerin de deste\u011fiyle y\u00fczeyde dalgalar halinde birikebilir. Bu, \u00e7imento esasl\u0131 kompozit malzemelerin do\u011fal bir \u00f6zelli\u011fidir. Beton higroskopik yap\u0131dad\u0131r. Nemi emer ve tekrar ortam\u0131na verir. Bu nedenle panellerde farkl\u0131 boyutlardaki lekeler ya kurur ya da farkl\u0131 h\u0131zlarda \u0131slan\u0131r.[\/vc_column_text]\t\t<\/div>\n\t<\/div>\n<\/div><\/div>[\/vc_column_inner][\/vc_row_inner][\/vc_column][\/vc_row][vc_row full_width=&#8221;stretch_row_content_no_spaces&#8221;][vc_column]<div class=\"edgtf-single-image-holder   \">\n    <div class=\"edgtf-si-inner\" >\n                                    <img loading=\"lazy\" decoding=\"async\" width=\"1846\" height=\"858\" src=\"http:\/\/dekkap.com\/wp-content\/uploads\/2021\/05\/ARCHITECTURE-dekffkap-system5-copy.jpg\" class=\"attachment-full size-full\" alt=\"\" srcset=\"http:\/\/dekkap.com\/wp-content\/uploads\/2021\/05\/ARCHITECTURE-dekffkap-system5-copy.jpg 1846w, http:\/\/dekkap.com\/wp-content\/uploads\/2021\/05\/ARCHITECTURE-dekffkap-system5-copy-300x139.jpg 300w, http:\/\/dekkap.com\/wp-content\/uploads\/2021\/05\/ARCHITECTURE-dekffkap-system5-copy-1024x476.jpg 1024w, http:\/\/dekkap.com\/wp-content\/uploads\/2021\/05\/ARCHITECTURE-dekffkap-system5-copy-768x357.jpg 768w, http:\/\/dekkap.com\/wp-content\/uploads\/2021\/05\/ARCHITECTURE-dekffkap-system5-copy-1536x714.jpg 1536w, http:\/\/dekkap.com\/wp-content\/uploads\/2021\/05\/ARCHITECTURE-dekffkap-system5-copy-600x279.jpg 600w\" sizes=\"auto, (max-width: 1846px) 100vw, 1846px\" \/>                        <\/div>\n<\/div>[\/vc_column][\/vc_row]<\/p>\n","protected":false},"excerpt":{"rendered":"<p>[vc_row equal_height=&#8221;yes&#8221; css=&#8221;.vc_custom_1621765510709{background-image: url(https:\/\/dekkap.com\/wp-content\/uploads\/2021\/05\/material-1-scaled-copy.jpg?id=4428) !important;background-position: center !important;background-repeat: no-repeat !important;background-size: cover !important;}&#8221;][vc_column width=&#8221;1\/4&#8243;][\/vc_column][vc_column width=&#8221;1\/2&#8243;][vc_empty_space height=&#8221;80px&#8221;][vc_empty_space height=&#8221;100px&#8221;][vc_empty_space height=&#8221;100px&#8221;][vc_empty_space height=&#8221;100px&#8221;][\/vc_column][vc_column width=&#8221;1\/4&#8243;][\/vc_column][\/vc_row][vc_row full_height=&#8221;yes&#8221; equal_height=&#8221;yes&#8221; css=&#8221;.vc_custom_1511793747709{padding-top: 69px !important;padding-bottom: 70px !important;}&#8221;][vc_column][vc_row_inner row_content_width=&#8221;grid&#8221;][vc_column_inner offset=&#8221;vc_col-lg-6 vc_col-md-12 vc_col-xs-12&#8243;][\/vc_column_inner][vc_column_inner offset=&#8221;vc_col-lg-6 vc_col-md-12 vc_col-xs-12&#8243;][\/vc_column_inner][\/vc_row_inner][\/vc_column][\/vc_row][vc_row full_width=&#8221;stretch_row_content_no_spaces&#8221;][vc_column][\/vc_column][\/vc_row]<\/p>\n","protected":false},"author":1,"featured_media":0,"parent":0,"menu_order":0,"comment_status":"closed","ping_status":"closed","template":"full-width.php","meta":{"footnotes":""},"class_list":["post-4426","page","type-page","status-publish","hentry"],"_links":{"self":[{"href":"http:\/\/dekkap.com\/tr\/wp-json\/wp\/v2\/pages\/4426","targetHints":{"allow":["GET"]}}],"collection":[{"href":"http:\/\/dekkap.com\/tr\/wp-json\/wp\/v2\/pages"}],"about":[{"href":"http:\/\/dekkap.com\/tr\/wp-json\/wp\/v2\/types\/page"}],"author":[{"embeddable":true,"href":"http:\/\/dekkap.com\/tr\/wp-json\/wp\/v2\/users\/1"}],"replies":[{"embeddable":true,"href":"http:\/\/dekkap.com\/tr\/wp-json\/wp\/v2\/comments?post=4426"}],"version-history":[{"count":1,"href":"http:\/\/dekkap.com\/tr\/wp-json\/wp\/v2\/pages\/4426\/revisions"}],"predecessor-version":[{"id":4846,"href":"http:\/\/dekkap.com\/tr\/wp-json\/wp\/v2\/pages\/4426\/revisions\/4846"}],"wp:attachment":[{"href":"http:\/\/dekkap.com\/tr\/wp-json\/wp\/v2\/media?parent=4426"}],"curies":[{"name":"wp","href":"https:\/\/api.w.org\/{rel}","templated":true}]}}