{"id":4303,"date":"2021-05-23T12:22:40","date_gmt":"2021-05-23T09:22:40","guid":{"rendered":"https:\/\/dekkap.com\/?page_id=4303"},"modified":"2021-09-24T10:11:08","modified_gmt":"2021-09-24T07:11:08","slug":"concrete-skin","status":"publish","type":"page","link":"https:\/\/dekkap.com\/tr\/concrete-skin\/","title":{"rendered":"Beton Y\u00fczeyi"},"content":{"rendered":"<p>[vc_row row_content_width=&#8221;grid&#8221;][vc_column width=&#8221;1\/6&#8243;][\/vc_column][vc_column width=&#8221;2\/3&#8243;]<div class=\"edgtf-section-title-holder  edgtf-st-vertical-lines  edgtf-st-position-left edgtf-appear-fx\" >\n\t        <span class=\"edgtf-st-vertical-top\" ><\/span>\n\t\t<div class=\"edgtf-st-inner\">\n                    <div class=\"edgtf-st-title-holder\">\n                <h2 class=\"edgtf-st-title\" style=\"color: #202020\">\n                    CAM ELYAF TAKV\u0130YEL\u0130 BETON PANELLER                <\/h2>\n            <\/div>\n\t\t\t\t            <div class=\"edgtf-st-text-holder\">\n    \t\t\t<p class=\"edgtf-st-text\" style=\"color: #202020\">\n    \t\t\t\tBireysel cephelerin tasar\u0131m\u0131 i\u00e7in sadece 13 mm kal\u0131nl\u0131\u011f\u0131ndaki sa\u011flam panellerle olanaklar sonsuzdur. Beton paneller, bir kaplama ak\u0131\u015f\u0131 olu\u015fturan bir deri gibi binalar\u0131n ve k\u00f6\u015felerin \u00fczerinden yumu\u015fak bir \u015fekilde \u00e7ekilir.    \t\t\t<\/p>\n            <\/div>\n\t\t\t<\/div>\n            <span class=\"edgtf-st-vertical-bottom\" ><\/span>\n    <\/div>[\/vc_column][vc_column width=&#8221;1\/6&#8243;][\/vc_column][\/vc_row][vc_row gap=&#8221;10&#8243; equal_height=&#8221;yes&#8221; content_placement=&#8221;middle&#8221; row_content_width=&#8221;grid&#8221;][vc_column width=&#8221;1\/3&#8243; css=&#8221;.vc_custom_1621679754459{margin-top: 5px !important;margin-right: 5px !important;margin-bottom: 5px !important;margin-left: 5px !important;border-top-width: 1px !important;border-right-width: 1px !important;border-bottom-width: 1px !important;border-left-width: 1px !important;padding-top: 10px !important;padding-right: 10px !important;padding-bottom: 10px !important;padding-left: 10px !important;border-left-color: #919191 !important;border-left-style: outset !important;border-right-color: #919191 !important;border-right-style: outset !important;border-top-color: #919191 !important;border-top-style: outset !important;border-bottom-color: #919191 !important;border-bottom-style: outset !important;}&#8221;]<div class=\"edgtf-iwt clearfix  edgtf-iwt-icon-top edgtf-iwt-icon-tiny\">\n\t<div class=\"edgtf-iwt-icon\">\n\t\t\t\t\t\t\t\t\t<img loading=\"lazy\" decoding=\"async\" width=\"199\" height=\"105\" src=\"https:\/\/dekkap.com\/wp-content\/uploads\/2021\/08\/1f.png\" class=\"attachment-full size-full\" alt=\"\" \/>\t\t\t\t\t\t<\/div>\n\t<div class=\"edgtf-iwt-content\" >\n\t\t\t\t\t<h3 class=\"edgtf-iwt-title\" >\n\t\t\t\t\t\t\t\t<span class=\"edgtf-iwt-title-text\">PERFORMANS<\/span>\n\t\t\t\t\t\t\t<\/h3>\n\t\t\t\t\t\t\t<p class=\"edgtf-iwt-text\" >Beton kaplama, muazzam panel boyutlar\u0131yla a\u015f\u0131r\u0131 y\u00fcklere dayan\u0131r. Sa\u011flam \u00f6zellikleri nedeniyle paneller hava ko\u015fullar\u0131na dayan\u0131kl\u0131d\u0131r ve uzun bir hizmet \u00f6mr\u00fcne sahiptir.<\/p>\n\t\t\t<\/div>\n<\/div>[vc_empty_space height=&#8221;20px&#8221;][\/vc_column][vc_column width=&#8221;1\/3&#8243; css=&#8221;.vc_custom_1621680339735{margin-top: 5px !important;margin-right: 5px !important;margin-bottom: 5px !important;margin-left: 5px !important;border-top-width: 1px !important;border-right-width: 1px !important;border-bottom-width: 1px !important;border-left-width: 1px !important;padding-top: 10px !important;padding-right: 10px !important;padding-bottom: 10px !important;padding-left: 10px !important;border-left-color: #919191 !important;border-left-style: outset !important;border-right-color: #919191 !important;border-right-style: outset !important;border-top-color: #919191 !important;border-top-style: outset !important;border-bottom-color: #919191 !important;border-bottom-style: outset !important;}&#8221;]<div class=\"edgtf-iwt clearfix  edgtf-iwt-icon-top edgtf-iwt-icon-tiny\">\n\t<div class=\"edgtf-iwt-icon\">\n\t\t\t\t\t\t\t\t\t<img loading=\"lazy\" decoding=\"async\" width=\"199\" height=\"105\" src=\"https:\/\/dekkap.com\/wp-content\/uploads\/2021\/08\/21f.png\" class=\"attachment-full size-full\" alt=\"\" \/>\t\t\t\t\t\t<\/div>\n\t<div class=\"edgtf-iwt-content\" >\n\t\t\t\t\t<h3 class=\"edgtf-iwt-title\" >\n\t\t\t\t\t\t\t\t<span class=\"edgtf-iwt-title-text\">S\u00dcRD\u00dcR\u00dcLEB\u0130L\u0130R<\/span>\n\t\t\t\t\t\t\t<\/h3>\n\t\t\t\t\t\t\t<p class=\"edgtf-iwt-text\" >Dekkap, sahip oldu\u011fu ISO 9001 ve ISO 14001 sertifikalar\u0131 ile \u00e7evre koruma konusunda kendisine y\u00fcksek standartlar belirlemektedir.<\/p>\n\t\t\t<\/div>\n<\/div>[vc_empty_space height=&#8221;20px&#8221;][\/vc_column][vc_column width=&#8221;1\/3&#8243; css=&#8221;.vc_custom_1621680416413{margin-top: 5px !important;margin-right: 5px !important;margin-bottom: 5px !important;margin-left: 5px !important;border-top-width: 1px !important;border-right-width: 1px !important;border-bottom-width: 1px !important;border-left-width: 1px !important;padding-top: 10px !important;padding-right: 10px !important;padding-bottom: 10px !important;padding-left: 10px !important;border-left-color: #919191 !important;border-left-style: outset !important;border-right-color: #919191 !important;border-right-style: outset !important;border-top-color: #919191 !important;border-top-style: outset !important;border-bottom-color: #919191 !important;border-bottom-style: outset !important;}&#8221;]<div class=\"edgtf-iwt clearfix  edgtf-iwt-icon-top edgtf-iwt-icon-tiny\">\n\t<div class=\"edgtf-iwt-icon\">\n\t\t\t\t\t\t\t\t\t<img loading=\"lazy\" decoding=\"async\" width=\"199\" height=\"105\" src=\"https:\/\/dekkap.com\/wp-content\/uploads\/2021\/08\/3f.png\" class=\"attachment-full size-full\" alt=\"\" \/>\t\t\t\t\t\t<\/div>\n\t<div class=\"edgtf-iwt-content\" >\n\t\t\t\t\t<h3 class=\"edgtf-iwt-title\" >\n\t\t\t\t\t\t\t\t<span class=\"edgtf-iwt-title-text\">BETON CANLIDIR<\/span>\n\t\t\t\t\t\t\t<\/h3>\n\t\t\t\t\t\t\t<p class=\"edgtf-iwt-text\" >Cam elyaf takviyeli beton do\u011fal bir malzemedir. Do\u011fadan gelen hammaddeleri \u00f6zel, beton benzeri bir y\u00fczey birincil enerjisi olu\u015fturur.<\/p>\n\t\t\t<\/div>\n<\/div>[vc_empty_space height=&#8221;20px&#8221;][\/vc_column][\/vc_row][vc_row gap=&#8221;10&#8243; equal_height=&#8221;yes&#8221; content_placement=&#8221;middle&#8221; row_content_width=&#8221;grid&#8221;][vc_column width=&#8221;1\/3&#8243; css=&#8221;.vc_custom_1621679754459{margin-top: 5px !important;margin-right: 5px !important;margin-bottom: 5px !important;margin-left: 5px !important;border-top-width: 1px !important;border-right-width: 1px !important;border-bottom-width: 1px !important;border-left-width: 1px !important;padding-top: 10px !important;padding-right: 10px !important;padding-bottom: 10px !important;padding-left: 10px !important;border-left-color: #919191 !important;border-left-style: outset !important;border-right-color: #919191 !important;border-right-style: outset !important;border-top-color: #919191 !important;border-top-style: outset !important;border-bottom-color: #919191 !important;border-bottom-style: outset !important;}&#8221;]<div class=\"edgtf-iwt clearfix  edgtf-iwt-icon-top edgtf-iwt-icon-tiny\">\n\t<div class=\"edgtf-iwt-icon\">\n\t\t\t\t\t\t\t\t\t<img loading=\"lazy\" decoding=\"async\" width=\"199\" height=\"105\" src=\"https:\/\/dekkap.com\/wp-content\/uploads\/2021\/08\/4f.png\" class=\"attachment-full size-full\" alt=\"\" \/>\t\t\t\t\t\t<\/div>\n\t<div class=\"edgtf-iwt-content\" >\n\t\t\t\t\t<h3 class=\"edgtf-iwt-title\" >\n\t\t\t\t\t\t\t\t<span class=\"edgtf-iwt-title-text\">MONTAJ<\/span>\n\t\t\t\t\t\t\t<\/h3>\n\t\t\t\t\t\t\t<p class=\"edgtf-iwt-text\" >Asma, havaland\u0131rmal\u0131 cephe sistemi, yap\u0131 fizi\u011fi, ekolojik ve ekonomik a\u00e7\u0131dan avantajlar sunmaktad\u0131r. Beton y\u00fczey, metal bir alt yap\u0131 \u00fczerine g\u00f6r\u00fcn\u00fcr \u015fekilde sabitlenir veya gizlenir.<\/p>\n\t\t\t<\/div>\n<\/div>[vc_empty_space height=&#8221;20px&#8221;][\/vc_column][vc_column width=&#8221;1\/3&#8243; css=&#8221;.vc_custom_1621680339735{margin-top: 5px !important;margin-right: 5px !important;margin-bottom: 5px !important;margin-left: 5px !important;border-top-width: 1px !important;border-right-width: 1px !important;border-bottom-width: 1px !important;border-left-width: 1px !important;padding-top: 10px !important;padding-right: 10px !important;padding-bottom: 10px !important;padding-left: 10px !important;border-left-color: #919191 !important;border-left-style: outset !important;border-right-color: #919191 !important;border-right-style: outset !important;border-top-color: #919191 !important;border-top-style: outset !important;border-bottom-color: #919191 !important;border-bottom-style: outset !important;}&#8221;]<div class=\"edgtf-iwt clearfix  edgtf-iwt-icon-top edgtf-iwt-icon-tiny\">\n\t<div class=\"edgtf-iwt-icon\">\n\t\t\t\t\t\t\t\t\t<img loading=\"lazy\" decoding=\"async\" width=\"199\" height=\"105\" src=\"https:\/\/dekkap.com\/wp-content\/uploads\/2021\/08\/5f.png\" class=\"attachment-full size-full\" alt=\"\" \/>\t\t\t\t\t\t<\/div>\n\t<div class=\"edgtf-iwt-content\" >\n\t\t\t\t\t<h3 class=\"edgtf-iwt-title\" >\n\t\t\t\t\t\t\t\t<span class=\"edgtf-iwt-title-text\">YANGIN KORUMASI<\/span>\n\t\t\t\t\t\t\t<\/h3>\n\t\t\t\t\t\t\t<p class=\"edgtf-iwt-text\" >Malzeme, m\u00fckemmel termal \u00f6zellikleri sayesinde mutlak g\u00fcvenlik ve yang\u0131n direncini garanti eder (DIN 4102&#039;ye g\u00f6re yang\u0131ndan korunma s\u0131n\u0131f\u0131 A1 \u201cyanmazd\u0131r\u201d)<\/p>\n\t\t\t<\/div>\n<\/div>[vc_empty_space height=&#8221;20px&#8221;][\/vc_column][vc_column width=&#8221;1\/3&#8243; css=&#8221;.vc_custom_1621680416413{margin-top: 5px !important;margin-right: 5px !important;margin-bottom: 5px !important;margin-left: 5px !important;border-top-width: 1px !important;border-right-width: 1px !important;border-bottom-width: 1px !important;border-left-width: 1px !important;padding-top: 10px !important;padding-right: 10px !important;padding-bottom: 10px !important;padding-left: 10px !important;border-left-color: #919191 !important;border-left-style: outset !important;border-right-color: #919191 !important;border-right-style: outset !important;border-top-color: #919191 !important;border-top-style: outset !important;border-bottom-color: #919191 !important;border-bottom-style: outset !important;}&#8221;]<div class=\"edgtf-iwt clearfix  edgtf-iwt-icon-top edgtf-iwt-icon-tiny\">\n\t<div class=\"edgtf-iwt-icon\">\n\t\t\t\t\t\t\t\t\t<img loading=\"lazy\" decoding=\"async\" width=\"199\" height=\"105\" src=\"https:\/\/dekkap.com\/wp-content\/uploads\/2021\/08\/6f.png\" class=\"attachment-full size-full\" alt=\"\" \/>\t\t\t\t\t\t<\/div>\n\t<div class=\"edgtf-iwt-content\" >\n\t\t\t\t\t<h3 class=\"edgtf-iwt-title\" >\n\t\t\t\t\t\t\t\t<span class=\"edgtf-iwt-title-text\">B\u0130REYSEL<\/span>\n\t\t\t\t\t\t\t<\/h3>\n\t\t\t\t\t\t\t<p class=\"edgtf-iwt-text\" >Format, maksimum boyutlara kadar serbest\u00e7e yap\u0131land\u0131r\u0131labilir. Bireysel \u015fekiller, renkler, y\u00fczeyler ve delikler, mimarlar i\u00e7in say\u0131s\u0131z olanaklar sunar<\/p>\n\t\t\t<\/div>\n<\/div>[vc_empty_space height=&#8221;20px&#8221;][\/vc_column][\/vc_row][vc_row row_content_width=&#8221;grid&#8221;][vc_column]<div class=\"edgtf-single-image-holder   \">\n    <div class=\"edgtf-si-inner\" >\n                                    <img loading=\"lazy\" decoding=\"async\" width=\"1924\" height=\"865\" src=\"https:\/\/dekkap.com\/wp-content\/uploads\/2021\/05\/inner-title-issmg-2a-copy.jpg\" class=\"attachment-full size-full\" alt=\"\" srcset=\"https:\/\/dekkap.com\/wp-content\/uploads\/2021\/05\/inner-title-issmg-2a-copy.jpg 1924w, https:\/\/dekkap.com\/wp-content\/uploads\/2021\/05\/inner-title-issmg-2a-copy-300x135.jpg 300w, https:\/\/dekkap.com\/wp-content\/uploads\/2021\/05\/inner-title-issmg-2a-copy-1024x460.jpg 1024w, https:\/\/dekkap.com\/wp-content\/uploads\/2021\/05\/inner-title-issmg-2a-copy-768x345.jpg 768w, https:\/\/dekkap.com\/wp-content\/uploads\/2021\/05\/inner-title-issmg-2a-copy-1536x691.jpg 1536w, https:\/\/dekkap.com\/wp-content\/uploads\/2021\/05\/inner-title-issmg-2a-copy-600x270.jpg 600w\" sizes=\"auto, (max-width: 1924px) 100vw, 1924px\" \/>                        <\/div>\n<\/div>[\/vc_column][\/vc_row][vc_row row_content_width=&#8221;grid&#8221;][vc_column width=&#8221;1\/6&#8243;][\/vc_column][vc_column width=&#8221;2\/3&#8243;]<div class=\"edgtf-section-title-holder  edgtf-st-vertical-lines  edgtf-st-position-left edgtf-appear-fx\" >\n\t        <span class=\"edgtf-st-vertical-top\" ><\/span>\n\t\t<div class=\"edgtf-st-inner\">\n                    <div class=\"edgtf-st-title-holder\">\n                <h2 class=\"edgtf-st-title\" style=\"color: #202020\">\n                    FORMATLAR                <\/h2>\n            <\/div>\n\t\t\t\t            <div class=\"edgtf-st-text-holder\">\n    \t\t\t<p class=\"edgtf-st-text\" style=\"color: #202020\">\n    \t\t\t\tStandart \u00f6l\u00e7\u00fc 1200 mm geni\u015fli\u011findedir; ancak y\u00fckseklikler 1200mm-2400mm-3600mm olmak \u00fczere \u00fc\u00e7 farkl\u0131 alternatifte sunulmaktad\u0131r. Paneller \u00fcr\u00fcne \u00f6zel \u00f6zel \u00f6l\u00e7\u00fclerde \u00fcretilebilir. DEKKAP Panel kendi yaz\u0131l\u0131m\u0131 sayesinde standart panellerin kesim i\u015flemlerini optimize eder ve maksimum verim elde etmenizi sa\u011flar.    \t\t\t<\/p>\n            <\/div>\n\t\t\t<\/div>\n            <span class=\"edgtf-st-vertical-bottom\" ><\/span>\n    <\/div>[\/vc_column][vc_column width=&#8221;1\/6&#8243;][\/vc_column][\/vc_row][vc_row row_content_width=&#8221;grid&#8221; css=&#8221;.vc_custom_1621761219113{padding-top: 50px !important;}&#8221;][vc_column]<div class=\"edgtf-elements-holder   edgtf-two-columns  edgtf-responsive-mode-768 \" ><div class=\"edgtf-eh-item    \"  data-item-class=\"edgtf-eh-custom-2810\" data-1024-1280=\"0 22% 0 0%\" data-768-1024=\"0 5% 0 8%\" data-680-768=\"0 19% 0 4%\" data-680=\"45px 10% 0 8%\">\n\t<div class=\"edgtf-eh-item-inner\">\n\t\t<div class=\"edgtf-eh-item-content edgtf-eh-custom-2810\" style=\"padding: 0 8% 0 21%\">\n\t\t\t<div class=\"edgtf-section-title-holder  edgtf-st-standard  edgtf-st-position-left edgtf-appear-fx\" style=\"text-align: left\">\n\t\t<div class=\"edgtf-st-inner\">\n                    <div class=\"edgtf-st-title-holder\">\n                <h2 class=\"edgtf-st-title\" style=\"color: #202020\">\n                    RENKLER                <\/h2>\n            <\/div>\n\t\t\t\t            <div class=\"edgtf-st-text-holder\">\n    \t\t\t<p class=\"edgtf-st-text\" style=\"color: #202020\">\n    \t\t\t\tOtantik renklerimiz do\u011fa ile uyum i\u00e7indedir ve \u00e7evre ile uyumludur.<br \/>\nBetonun do\u011fall\u0131\u011f\u0131n\u0131 artt\u0131rmak i\u00e7in renk tonlar\u0131nda renk varyasyonlar\u0131 yaratmay\u0131 ama\u00e7l\u0131yoruz.    \t\t\t<\/p>\n            <\/div>\n\t\t\t<\/div>\n    <\/div>\t\t<\/div>\n\t<\/div>\n<\/div><div class=\"edgtf-eh-item    \"  data-item-class=\"edgtf-eh-custom-7454\" data-680-768=\"30px 8% 30px 3%\">\n\t<div class=\"edgtf-eh-item-inner\">\n\t\t<div class=\"edgtf-eh-item-content edgtf-eh-custom-7454\" style=\"padding: 0 8% 0 8%\">\n\t\t\t<div class=\"edgtf-image-gallery  edgtf-ig-slider-type edgtf-small-space   edgtf-nav-position-outside\">\n\t<div class=\"edgtf-ig-slider edgtf-owl-slider\" data-number-of-items=\"1\" data-enable-loop=\"yes\" data-enable-autoplay=\"yes\" data-slider-speed=\"5000\" data-slider-speed-animation=\"600\" data-slider-padding=\"no\" data-enable-navigation=\"yes\" data-enable-pagination=\"yes\">\n\t\t\t\t\t<div class=\"edgtf-ig-image\">\n\t\t\t\t\t\t\t\t\t<img loading=\"lazy\" decoding=\"async\" src=\"https:\/\/dekkap.com\/wp-content\/uploads\/2021\/08\/uhpc10-533x413.jpg\" alt=\"\" width=\"533\" height=\"413\" \/>\t\t\t\t\t\t\t<\/div>\n\t\t\t\t\t<div class=\"edgtf-ig-image\">\n\t\t\t\t\t\t\t\t\t<img loading=\"lazy\" decoding=\"async\" src=\"https:\/\/dekkap.com\/wp-content\/uploads\/2021\/08\/uhpc11-533x413.jpg\" alt=\"\" width=\"533\" height=\"413\" \/>\t\t\t\t\t\t\t<\/div>\n\t\t\t\t\t<div class=\"edgtf-ig-image\">\n\t\t\t\t\t\t\t\t\t<img loading=\"lazy\" decoding=\"async\" src=\"https:\/\/dekkap.com\/wp-content\/uploads\/2021\/08\/uhpc12-533x413.jpg\" alt=\"\" width=\"533\" height=\"413\" \/>\t\t\t\t\t\t\t<\/div>\n\t\t\t\t\t<div class=\"edgtf-ig-image\">\n\t\t\t\t\t\t\t\t\t<img loading=\"lazy\" decoding=\"async\" src=\"https:\/\/dekkap.com\/wp-content\/uploads\/2021\/08\/uhpc14-533x413.jpg\" alt=\"\" width=\"533\" height=\"413\" \/>\t\t\t\t\t\t\t<\/div>\n\t\t\t\t\t<div class=\"edgtf-ig-image\">\n\t\t\t\t\t\t\t\t\t<img loading=\"lazy\" decoding=\"async\" src=\"https:\/\/dekkap.com\/wp-content\/uploads\/2021\/08\/uhpc15-533x413.jpg\" alt=\"\" width=\"533\" height=\"413\" \/>\t\t\t\t\t\t\t<\/div>\n\t\t\t<\/div>\n<\/div>\t\t<\/div>\n\t<\/div>\n<\/div><\/div>[\/vc_column][\/vc_row][vc_row row_content_width=&#8221;grid&#8221; css=&#8221;.vc_custom_1621761219113{padding-top: 50px !important;}&#8221;][vc_column]<div class=\"edgtf-elements-holder   edgtf-two-columns  edgtf-responsive-mode-768 \" ><div class=\"edgtf-eh-item    \"  data-item-class=\"edgtf-eh-custom-8115\" data-680-768=\"30px 8% 30px 3%\">\n\t<div class=\"edgtf-eh-item-inner\">\n\t\t<div class=\"edgtf-eh-item-content edgtf-eh-custom-8115\" style=\"padding: 0 8% 0 8%\">\n\t\t\t<div class=\"edgtf-image-gallery  edgtf-ig-slider-type edgtf-small-space   edgtf-nav-position-outside\">\n\t<div class=\"edgtf-ig-slider edgtf-owl-slider\" data-number-of-items=\"1\" data-enable-loop=\"yes\" data-enable-autoplay=\"yes\" data-slider-speed=\"5000\" data-slider-speed-animation=\"600\" data-slider-padding=\"no\" data-enable-navigation=\"yes\" data-enable-pagination=\"yes\">\n\t\t\t\t\t<div class=\"edgtf-ig-image\">\n\t\t\t\t\t\t\t\t\t<img loading=\"lazy\" decoding=\"async\" src=\"https:\/\/dekkap.com\/wp-content\/uploads\/2021\/05\/luce-silver2-533x413.jpeg\" alt=\"\" width=\"533\" height=\"413\" \/>\t\t\t\t\t\t\t<\/div>\n\t\t\t\t\t<div class=\"edgtf-ig-image\">\n\t\t\t\t\t\t\t\t\t<img loading=\"lazy\" decoding=\"async\" src=\"https:\/\/dekkap.com\/wp-content\/uploads\/2021\/05\/saltn-pepper-2-533x413.jpeg\" alt=\"\" width=\"533\" height=\"413\" \/>\t\t\t\t\t\t\t<\/div>\n\t\t\t\t\t<div class=\"edgtf-ig-image\">\n\t\t\t\t\t\t\t\t\t<img loading=\"lazy\" decoding=\"async\" src=\"https:\/\/dekkap.com\/wp-content\/uploads\/2021\/05\/slate-1-533x413.jpeg\" alt=\"\" width=\"533\" height=\"413\" \/>\t\t\t\t\t\t\t<\/div>\n\t\t\t\t\t<div class=\"edgtf-ig-image\">\n\t\t\t\t\t\t\t\t\t<img loading=\"lazy\" decoding=\"async\" src=\"https:\/\/dekkap.com\/wp-content\/uploads\/2021\/05\/standard-2-533x413.png\" alt=\"\" width=\"533\" height=\"413\" \/>\t\t\t\t\t\t\t<\/div>\n\t\t\t\t\t<div class=\"edgtf-ig-image\">\n\t\t\t\t\t\t\t\t\t<img loading=\"lazy\" decoding=\"async\" src=\"https:\/\/dekkap.com\/wp-content\/uploads\/2021\/05\/twine-533x413.jpeg\" alt=\"\" width=\"533\" height=\"413\" \/>\t\t\t\t\t\t\t<\/div>\n\t\t\t\t\t<div class=\"edgtf-ig-image\">\n\t\t\t\t\t\t\t\t\t<img loading=\"lazy\" decoding=\"async\" src=\"https:\/\/dekkap.com\/wp-content\/uploads\/2021\/05\/vintage-1-533x413.jpeg\" alt=\"\" width=\"533\" height=\"413\" \/>\t\t\t\t\t\t\t<\/div>\n\t\t\t<\/div>\n<\/div>\t\t<\/div>\n\t<\/div>\n<\/div><div class=\"edgtf-eh-item    \"  data-item-class=\"edgtf-eh-custom-9376\" data-1024-1280=\"0 22% 0 0%\" data-768-1024=\"0 5% 0 8%\" data-680-768=\"0 19% 0 4%\" data-680=\"45px 10% 0 8%\">\n\t<div class=\"edgtf-eh-item-inner\">\n\t\t<div class=\"edgtf-eh-item-content edgtf-eh-custom-9376\" style=\"padding: 0 19% 0 8%\">\n\t\t\t<div class=\"edgtf-section-title-holder  edgtf-st-standard  edgtf-st-position-left edgtf-appear-fx\" style=\"text-align: left\">\n\t\t<div class=\"edgtf-st-inner\">\n                    <div class=\"edgtf-st-title-holder\">\n                <h2 class=\"edgtf-st-title\" style=\"color: #202020\">\n                    DESENLER VE DOKULAR                <\/h2>\n            <\/div>\n\t\t\t\t            <div class=\"edgtf-st-text-holder\">\n    \t\t\t<p class=\"edgtf-st-text\" style=\"color: #202020\">\n    \t\t\t\tPanel dokular\u0131m\u0131z derinli\u011fi her cepheye entegre eder. Muhtelif yap\u0131lar, canl\u0131l\u0131\u011f\u0131 ortaya \u00e7\u0131karan canland\u0131r\u0131c\u0131 bir \u0131\u015f\u0131k ve g\u00f6lge etkile\u015fimi yarat\u0131r.    \t\t\t<\/p>\n            <\/div>\n\t\t\t<\/div>\n    <\/div>\t\t<\/div>\n\t<\/div>\n<\/div><\/div>[\/vc_column][\/vc_row][vc_row row_content_width=&#8221;grid&#8221; css=&#8221;.vc_custom_1621763332591{padding-bottom: 50px !important;}&#8221;][vc_column]<div class=\"edgtf-elements-holder   edgtf-two-columns  edgtf-responsive-mode-768 \" ><div class=\"edgtf-eh-item    \"  data-item-class=\"edgtf-eh-custom-1030\" data-1024-1280=\"0 22% 0 0%\" data-768-1024=\"0 5% 0 8%\" data-680-768=\"0 19% 0 4%\" data-680=\"45px 10% 0 8%\">\n\t<div class=\"edgtf-eh-item-inner\">\n\t\t<div class=\"edgtf-eh-item-content edgtf-eh-custom-1030\" style=\"padding: 0 8% 0 21%\">\n\t\t\t<div class=\"edgtf-section-title-holder  edgtf-st-standard  edgtf-st-position-left edgtf-appear-fx\" style=\"text-align: left\">\n\t\t<div class=\"edgtf-st-inner\">\n                    <div class=\"edgtf-st-title-holder\">\n                <h2 class=\"edgtf-st-title\" style=\"color: #202020\">\n                    MONOL\u0130T\u0130K                <\/h2>\n            <\/div>\n\t\t\t\t            <div class=\"edgtf-st-text-holder\">\n    \t\t\t<p class=\"edgtf-st-text\" style=\"color: #202020\">\n    \t\t\t\tBeton kaplama, malzeme \u00f6zellikleri sayesinde k\u00f6\u015felere p\u00fcr\u00fczs\u00fczce uygulanabilir. Kavisli elemanlar tek par\u00e7a olarak yap\u0131lm\u0131\u015ft\u0131r ve bu nedenle yuvarlak kemerler veya k\u00f6\u015feler olarak mevcuttur. Malzeme ak\u0131\u015f\u0131, d\u0131\u015f cepheler gibi bir y\u00fczey olu\u015fturur. B\u00fcy\u00fck boyutlu panellerin kal\u0131p par\u00e7alar\u0131yla kombinasyonu, t\u00fcm bina kabu\u011fu i\u00e7in ihtiyatl\u0131 bir d\u00fczenleme sa\u011flar.    \t\t\t<\/p>\n            <\/div>\n\t\t\t<\/div>\n    <\/div>\t\t<\/div>\n\t<\/div>\n<\/div><div class=\"edgtf-eh-item    \"  data-item-class=\"edgtf-eh-custom-1484\" data-680-768=\"30px 8% 30px 3%\">\n\t<div class=\"edgtf-eh-item-inner\">\n\t\t<div class=\"edgtf-eh-item-content edgtf-eh-custom-1484\" style=\"padding: 30px 8% 0 8%\">\n\t\t\t<div class=\"edgtf-single-image-holder   \">\n    <div class=\"edgtf-si-inner\" >\n                                    <img loading=\"lazy\" decoding=\"async\" width=\"453\" height=\"568\" src=\"https:\/\/dekkap.com\/wp-content\/uploads\/2021\/05\/inner-img-7-533x41sss3-copy.jpg\" class=\"attachment-full size-full\" alt=\"\" srcset=\"https:\/\/dekkap.com\/wp-content\/uploads\/2021\/05\/inner-img-7-533x41sss3-copy.jpg 453w, https:\/\/dekkap.com\/wp-content\/uploads\/2021\/05\/inner-img-7-533x41sss3-copy-239x300.jpg 239w\" sizes=\"auto, (max-width: 453px) 100vw, 453px\" \/>                        <\/div>\n<\/div>\t\t<\/div>\n\t<\/div>\n<\/div><\/div>[\/vc_column][\/vc_row][vc_row row_content_width=&#8221;grid&#8221;][vc_column]<div class=\"edgtf-single-image-holder   \">\n    <div class=\"edgtf-si-inner\" >\n                                    <img loading=\"lazy\" decoding=\"async\" width=\"1203\" height=\"542\" src=\"https:\/\/dekkap.com\/wp-content\/uploads\/2021\/08\/CONCRETE-SKIN.jpg\" class=\"attachment-full size-full\" alt=\"\" srcset=\"https:\/\/dekkap.com\/wp-content\/uploads\/2021\/08\/CONCRETE-SKIN.jpg 1203w, https:\/\/dekkap.com\/wp-content\/uploads\/2021\/08\/CONCRETE-SKIN-300x135.jpg 300w, https:\/\/dekkap.com\/wp-content\/uploads\/2021\/08\/CONCRETE-SKIN-1024x461.jpg 1024w, https:\/\/dekkap.com\/wp-content\/uploads\/2021\/08\/CONCRETE-SKIN-768x346.jpg 768w\" sizes=\"auto, (max-width: 1203px) 100vw, 1203px\" \/>                        <\/div>\n<\/div>[\/vc_column][\/vc_row][vc_row row_content_width=&#8221;grid&#8221;][vc_column width=&#8221;1\/6&#8243;][\/vc_column][vc_column width=&#8221;2\/3&#8243;]<div class=\"edgtf-section-title-holder  edgtf-st-vertical-lines  edgtf-st-position-left edgtf-appear-fx\" >\n\t        <span class=\"edgtf-st-vertical-top\" ><\/span>\n\t\t<div class=\"edgtf-st-inner\">\n                    <div class=\"edgtf-st-title-holder\">\n                <h2 class=\"edgtf-st-title\" style=\"color: #202020\">\n                    DEL\u0130KL\u0130 PANELLER                <\/h2>\n            <\/div>\n\t\t\t\t            <div class=\"edgtf-st-text-holder\">\n    \t\t\t<p class=\"edgtf-st-text\" style=\"color: #202020\">\n    \t\t\t\tTasar\u0131m \u00f6zg\u00fcnl\u00fc\u011f\u00fc sa\u011flayan delikli paneller ile kendi yap\u0131n\u0131z\u0131 tasarlay\u0131n. Tam delikli, yar\u0131m delikli veya kronik delikli se\u00e7enekleriyle \u00e7ok say\u0131da perforasyon alternatifi sizler i\u00e7in sunulmaktad\u0131r. Klimal\u0131 panolar \u00fczerinde delikli panolar\u0131m\u0131z ile hafiflik ve g\u00f6rsellik sa\u011flanmaktad\u0131r.    \t\t\t<\/p>\n            <\/div>\n\t\t\t<\/div>\n            <span class=\"edgtf-st-vertical-bottom\" ><\/span>\n    <\/div>[\/vc_column][vc_column width=&#8221;1\/6&#8243;][\/vc_column][\/vc_row]<\/p>\n","protected":false},"excerpt":{"rendered":"<p>[vc_row row_content_width=&#8221;grid&#8221;][vc_column width=&#8221;1\/6&#8243;][\/vc_column][vc_column width=&#8221;2\/3&#8243;][\/vc_column][vc_column width=&#8221;1\/6&#8243;][\/vc_column][\/vc_row][vc_row gap=&#8221;10&#8243; equal_height=&#8221;yes&#8221; content_placement=&#8221;middle&#8221; row_content_width=&#8221;grid&#8221;][vc_column width=&#8221;1\/3&#8243; css=&#8221;.vc_custom_1621679754459{margin-top: 5px !important;margin-right: 5px !important;margin-bottom: 5px !important;margin-left: 5px !important;border-top-width: 1px !important;border-right-width: 1px !important;border-bottom-width: 1px !important;border-left-width: 1px !important;padding-top: 10px !important;padding-right: 10px !important;padding-bottom: 10px !important;padding-left: 10px !important;border-left-color: #919191 !important;border-left-style: outset !important;border-right-color: #919191 [&hellip;]<\/p>\n","protected":false},"author":1,"featured_media":0,"parent":0,"menu_order":0,"comment_status":"closed","ping_status":"closed","template":"full-width.php","meta":{"footnotes":""},"class_list":["post-4303","page","type-page","status-publish","hentry"],"_links":{"self":[{"href":"https:\/\/dekkap.com\/tr\/wp-json\/wp\/v2\/pages\/4303","targetHints":{"allow":["GET"]}}],"collection":[{"href":"https:\/\/dekkap.com\/tr\/wp-json\/wp\/v2\/pages"}],"about":[{"href":"https:\/\/dekkap.com\/tr\/wp-json\/wp\/v2\/types\/page"}],"author":[{"embeddable":true,"href":"https:\/\/dekkap.com\/tr\/wp-json\/wp\/v2\/users\/1"}],"replies":[{"embeddable":true,"href":"https:\/\/dekkap.com\/tr\/wp-json\/wp\/v2\/comments?post=4303"}],"version-history":[{"count":1,"href":"https:\/\/dekkap.com\/tr\/wp-json\/wp\/v2\/pages\/4303\/revisions"}],"predecessor-version":[{"id":4844,"href":"https:\/\/dekkap.com\/tr\/wp-json\/wp\/v2\/pages\/4303\/revisions\/4844"}],"wp:attachment":[{"href":"https:\/\/dekkap.com\/tr\/wp-json\/wp\/v2\/media?parent=4303"}],"curies":[{"name":"wp","href":"https:\/\/api.w.org\/{rel}","templated":true}]}}