{"id":4489,"date":"2021-05-23T14:31:51","date_gmt":"2021-05-23T11:31:51","guid":{"rendered":"https:\/\/dekkap.com\/?page_id=4489"},"modified":"2025-04-08T15:43:35","modified_gmt":"2025-04-08T12:43:35","slug":"contact","status":"publish","type":"page","link":"https:\/\/dekkap.com\/tr\/contact\/","title":{"rendered":"\u0130leti\u015fim"},"content":{"rendered":"<p>[vc_row][vc_column][vc_column_text]<iframe loading=\"lazy\" style=\"border: 0;\" src=\"https:\/\/www.google.com\/maps\/embed?pb=!1m14!1m8!1m3!1d24063.148933788885!2d29.011633000000003!3d41.071318!3m2!1i1024!2i768!4f13.1!3m3!1m2!1s0x0%3A0xc2b983f6b99116e!2sFiberton%20Prekast!5e0!3m2!1str!2sus!4v1621157105922!5m2!1str!2sus\" width=\"1900\" height=\"300\" allowfullscreen=\"allowfullscreen\"><span data-mce-type=\"bookmark\" style=\"display: inline-block; width: 0px; overflow: hidden; line-height: 0;\" class=\"mce_SELRES_start\">\ufeff<\/span><\/iframe>[\/vc_column_text][\/vc_column][\/vc_row][vc_row row_content_width=&#8221;grid&#8221; css=&#8221;.vc_custom_1511425318477{padding-top: 72px !important;padding-bottom: 98px !important;}&#8221;][vc_column offset=&#8221;vc_col-lg-6 vc_col-md-12 vc_col-xs-12&#8243;]<div class=\"edgtf-elements-holder   edgtf-two-columns  edgtf-responsive-mode-768 \" ><div class=\"edgtf-eh-item    \"  data-item-class=\"edgtf-eh-custom-5335\" data-768-1024=\"28px 15% 0px 0%\" data-680-768=\"28px 15% 52px 2%\" data-680=\"28px 15% 30px 2%\">\n\t<div class=\"edgtf-eh-item-inner\">\n\t\t<div class=\"edgtf-eh-item-content edgtf-eh-custom-5335\" style=\"padding: 28px 15% 0px 6%\">\n\t\t\t<div class=\"edgtf-image-gallery  edgtf-ig-carousel-type edgtf-large-space   edgtf-nav-position-outside\">\n\t<div class=\"edgtf-ig-slider edgtf-owl-slider\" data-number-of-items=\"1\" data-enable-loop=\"yes\" data-enable-autoplay=\"yes\" data-slider-speed=\"5000\" data-slider-speed-animation=\"600\" data-slider-padding=\"no\" data-enable-navigation=\"yes\" data-enable-pagination=\"no\">\n\t\t\t\t\t<div class=\"edgtf-ig-image\">\n\t\t\t\t\t\t\t\t\t<img loading=\"lazy\" decoding=\"async\" src=\"https:\/\/dekkap.com\/wp-content\/uploads\/2021\/05\/WHERE-TO-FIND-US-HOW-TO-CONTACT-US2-350x350.jpg\" alt=\"\" width=\"350\" height=\"350\" \/>\t\t\t\t\t\t\t<\/div>\n\t\t\t\t\t<div class=\"edgtf-ig-image\">\n\t\t\t\t\t\t\t\t\t<img loading=\"lazy\" decoding=\"async\" src=\"https:\/\/dekkap.com\/wp-content\/uploads\/2021\/05\/WHERE-TO-FIND-US-HOW-TO-CONTACT-US4-350x350.jpg\" alt=\"\" width=\"350\" height=\"350\" \/>\t\t\t\t\t\t\t<\/div>\n\t\t\t\t\t<div class=\"edgtf-ig-image\">\n\t\t\t\t\t\t\t\t\t<img loading=\"lazy\" decoding=\"async\" src=\"https:\/\/dekkap.com\/wp-content\/uploads\/2021\/05\/WHERE-TO-FIND-US-HOW-TO-CONTACT-US5-350x350.jpg\" alt=\"\" width=\"350\" height=\"350\" \/>\t\t\t\t\t\t\t<\/div>\n\t\t\t\t\t<div class=\"edgtf-ig-image\">\n\t\t\t\t\t\t\t\t\t<img loading=\"lazy\" decoding=\"async\" src=\"https:\/\/dekkap.com\/wp-content\/uploads\/2021\/05\/WHERE-TO-FIND-US-HOW-TO-CONTACT-US6-350x350.jpg\" alt=\"\" width=\"350\" height=\"350\" \/>\t\t\t\t\t\t\t<\/div>\n\t\t\t\t\t<div class=\"edgtf-ig-image\">\n\t\t\t\t\t\t\t\t\t<img loading=\"lazy\" decoding=\"async\" src=\"https:\/\/dekkap.com\/wp-content\/uploads\/2021\/05\/WHERE-TO-FIND-US-HOW-TO-CONTACT-US7-350x350.jpg\" alt=\"\" width=\"350\" height=\"350\" \/>\t\t\t\t\t\t\t<\/div>\n\t\t\t<\/div>\n<\/div>\t\t<\/div>\n\t<\/div>\n<\/div><\/div>[\/vc_column][vc_column offset=&#8221;vc_col-lg-6 vc_col-md-12 vc_col-xs-12&#8243;]<div class=\"edgtf-elements-holder   edgtf-one-column  edgtf-responsive-mode-768 \" ><div class=\"edgtf-eh-item    \"  data-item-class=\"edgtf-eh-custom-1438\" data-1024-1280=\"65px 0 0 0\" data-680-768=\"19px 0 0 0\" data-680=\"39px 0 0 0\">\n\t<div class=\"edgtf-eh-item-inner\">\n\t\t<div class=\"edgtf-eh-item-content edgtf-eh-custom-1438\" style=\"padding: 83px 0 0 0\">\n\t\t\t[vc_column_text]<\/p>\n<h2>Y\u00d6N TAR\u0130F\u0130<br \/>\n&amp; \u0130LET\u0130\u015e\u0130M B\u0130LG\u0130LER\u0130<\/h2>\n<p>[\/vc_column_text]\t\t<\/div>\n\t<\/div>\n<\/div><\/div><div class=\"edgtf-elements-holder   edgtf-two-columns  edgtf-responsive-mode-768 \" ><div class=\"edgtf-eh-item    \"  data-item-class=\"edgtf-eh-custom-2931\">\n\t<div class=\"edgtf-eh-item-inner\">\n\t\t<div class=\"edgtf-eh-item-content edgtf-eh-custom-2931\" style=\"padding: 0 0 0 0\">\n\t\t\t[vc_empty_space]<div class=\"edgtf-section-title-holder  edgtf-st-standard  edgtf-st-position-left edgtf-appear-fx\" style=\"padding: 0 0%\">\n\t\t<div class=\"edgtf-st-inner\">\n                    <div class=\"edgtf-st-title-holder\">\n                <h4 class=\"edgtf-st-title\" style=\"color: #202020\">\n                    OF\u0130S                <\/h4>\n            <\/div>\n\t\t\t\t\t<\/div>\n    <\/div>[vc_empty_space]<div class=\"edgtf-icon-list-holder \" style=\"margin-bottom: 20px\">\n\t<div class=\"edgtf-il-icon-holder\">\n\t\t<i class=\"edgtf-icon-linea-icon icon-basic-headset \" style=\"color: #202020;font-size: 21px\"><\/i>\t<\/div>\n\t<p class=\"edgtf-il-text\" style=\"color: #202020;font-size: 16px;padding-left: 32px\">Hemen ara +90 216 575 42 77<\/p>\n<\/div><div class=\"edgtf-icon-list-holder \" style=\"margin-bottom: 20px\">\n\t<div class=\"edgtf-il-icon-holder\">\n\t\t<i class=\"edgtf-icon-linea-icon icon-basic-headset \" style=\"color: #202020;font-size: 21px\"><\/i>\t<\/div>\n\t<p class=\"edgtf-il-text\" style=\"color: #202020;font-size: 16px;padding-left: 32px\">Faks +90 216 577 61 49<\/p>\n<\/div><div class=\"edgtf-icon-list-holder \" style=\"margin-bottom: 20px\">\n\t<div class=\"edgtf-il-icon-holder\">\n\t\t<i class=\"edgtf-icon-linea-icon icon-basic-clock \" style=\"color: #202020;font-size: 21px\"><\/i>\t<\/div>\n\t<p class=\"edgtf-il-text\" style=\"color: #202020;font-size: 16px;padding-left: 32px\">P.tesi - Cuma : 08:00 - 18:00<\/p>\n<\/div><div class=\"edgtf-icon-list-holder \" style=\"margin-bottom: 20px\">\n\t<div class=\"edgtf-il-icon-holder\">\n\t\t<i class=\"edgtf-icon-linea-icon icon-basic-pin1 \" style=\"color: #202020;font-size: 21px\"><\/i>\t<\/div>\n\t<p class=\"edgtf-il-text\" style=\"color: #202020;font-size: 16px;padding-left: 32px\">Prof. Dr. Ali Nihat Tarlan Cad. No:101 Ali Nihat Tarlan Apt. K:3 D:9 34752 \u0130\u00e7erenk\u00f6y \/ Ata\u015fehir \/ \u0130STANBUL<\/p>\n<\/div><div class=\"edgtf-icon-list-holder \" style=\"margin-bottom: 20px\">\n\t<div class=\"edgtf-il-icon-holder\">\n\t\t<i class=\"edgtf-icon-linea-icon icon-basic-mail \" style=\"color: #202020;font-size: 21px\"><\/i>\t<\/div>\n\t<p class=\"edgtf-il-text\" style=\"color: #202020;font-size: 16px;padding-left: 32px\">info@fiberton.com.tr<\/p>\n<\/div>\t\t<\/div>\n\t<\/div>\n<\/div><div class=\"edgtf-eh-item    \"  data-item-class=\"edgtf-eh-custom-2210\">\n\t<div class=\"edgtf-eh-item-inner\">\n\t\t<div class=\"edgtf-eh-item-content edgtf-eh-custom-2210\" style=\"padding: 0 0 0 0\">\n\t\t\t[vc_empty_space]<div class=\"edgtf-section-title-holder  edgtf-st-standard  edgtf-st-position-left edgtf-appear-fx\" style=\"padding: 0 0%\">\n\t\t<div class=\"edgtf-st-inner\">\n                    <div class=\"edgtf-st-title-holder\">\n                <h4 class=\"edgtf-st-title\" style=\"color: #202020\">\n                    FABR\u0130KA                <\/h4>\n            <\/div>\n\t\t\t\t\t<\/div>\n    <\/div>[vc_empty_space]<div class=\"edgtf-icon-list-holder \" style=\"margin-bottom: 20px\">\n\t<div class=\"edgtf-il-icon-holder\">\n\t\t<i class=\"edgtf-icon-linea-icon icon-basic-headset \" style=\"color: #202020;font-size: 21px\"><\/i>\t<\/div>\n\t<p class=\"edgtf-il-text\" style=\"color: #202020;font-size: 16px;padding-left: 32px\">Hemen ara +90 324 645 4400<\/p>\n<\/div><div class=\"edgtf-icon-list-holder \" style=\"margin-bottom: 20px\">\n\t<div class=\"edgtf-il-icon-holder\">\n\t\t<i class=\"edgtf-icon-linea-icon icon-basic-headset \" style=\"color: #202020;font-size: 21px\"><\/i>\t<\/div>\n\t<p class=\"edgtf-il-text\" style=\"color: #202020;font-size: 16px;padding-left: 32px\">Faks +90 324 645 4403<\/p>\n<\/div><div class=\"edgtf-icon-list-holder \" style=\"margin-bottom: 20px\">\n\t<div class=\"edgtf-il-icon-holder\">\n\t\t<i class=\"edgtf-icon-linea-icon icon-basic-pin1 \" style=\"color: #202020;font-size: 21px\"><\/i>\t<\/div>\n\t<p class=\"edgtf-il-text\" style=\"color: #202020;font-size: 16px;padding-left: 32px\">Sar\u0131ibrahimli, K\u0131z\u0131lyaka Mevki No:71, 33100 Akdeniz\/Mersin T\u00fcrkiye<\/p>\n<\/div><div class=\"edgtf-icon-list-holder \" style=\"margin-bottom: 20px\">\n\t<div class=\"edgtf-il-icon-holder\">\n\t\t<i class=\"edgtf-icon-linea-icon icon-basic-clock \" style=\"color: #202020;font-size: 21px\"><\/i>\t<\/div>\n\t<p class=\"edgtf-il-text\" style=\"color: #202020;font-size: 16px;padding-left: 32px\">P.tesi - Cuma : 08:00 - 18:00<\/p>\n<\/div><div class=\"edgtf-icon-list-holder \" style=\"margin-bottom: 20px\">\n\t<div class=\"edgtf-il-icon-holder\">\n\t\t<i class=\"edgtf-icon-linea-icon icon-basic-mail \" style=\"color: #202020;font-size: 21px\"><\/i>\t<\/div>\n\t<p class=\"edgtf-il-text\" style=\"color: #202020;font-size: 16px;padding-left: 32px\">info@fiberton.com.tr<\/p>\n<\/div>\t\t<\/div>\n\t<\/div>\n<\/div><\/div>[\/vc_column][\/vc_row][vc_row row_content_width=&#8221;grid&#8221; css=&#8221;.vc_custom_1511425357778{padding-top: 73px !important;padding-bottom: 75px !important;}&#8221;][vc_column]<div class=\"edgtf-elements-holder   edgtf-two-columns  edgtf-responsive-mode-768 \" ><div class=\"edgtf-eh-item    \"  data-item-class=\"edgtf-eh-custom-4971\" data-1024-1280=\"0 0 35px 0\">\n\t<div class=\"edgtf-eh-item-inner\">\n\t\t<div class=\"edgtf-eh-item-content edgtf-eh-custom-4971\" style=\"padding: 0 0 18px 0\">\n\t\t\t<div class=\"edgtf-section-title-holder  edgtf-st-standard  edgtf-st-position-left edgtf-appear-fx\" style=\"padding: 0 0%\">\n\t\t<div class=\"edgtf-st-inner\">\n                    <div class=\"edgtf-st-title-holder\">\n                <h2 class=\"edgtf-st-title\" style=\"color: #202020\">\n                    B\u0130ZE ULA\u015eIN\/ OF\u0130S\u0130M\u0130Z\u0130 BULUN                <\/h2>\n            <\/div>\n\t\t\t\t\t<\/div>\n    <\/div>[vc_empty_space]<div class=\"edgtf-icon-list-holder \" style=\"margin-bottom: 20px\">\n\t<div class=\"edgtf-il-icon-holder\">\n\t\t<i class=\"edgtf-icon-linea-icon icon-basic-headset \" style=\"color: #202020;font-size: 21px\"><\/i>\t<\/div>\n\t<p class=\"edgtf-il-text\" style=\"color: #202020;font-size: 16px;padding-left: 32px\">Hemen ara : +90 324 645 4400<\/p>\n<\/div><div class=\"edgtf-icon-list-holder \" style=\"margin-bottom: 20px\">\n\t<div class=\"edgtf-il-icon-holder\">\n\t\t<i class=\"edgtf-icon-linea-icon icon-basic-clock \" style=\"color: #202020;font-size: 21px\"><\/i>\t<\/div>\n\t<p class=\"edgtf-il-text\" style=\"color: #202020;font-size: 16px;padding-left: 32px\">P.tesi - Cuma : 08:00 - 18:00<\/p>\n<\/div><div class=\"edgtf-icon-list-holder \" style=\"margin-bottom: 20px\">\n\t<div class=\"edgtf-il-icon-holder\">\n\t\t<i class=\"edgtf-icon-linea-icon icon-basic-pin1 \" style=\"color: #202020;font-size: 21px\"><\/i>\t<\/div>\n\t<p class=\"edgtf-il-text\" style=\"color: #202020;font-size: 16px;padding-left: 32px\">Sar\u0131ibrahimli, K\u0131z\u0131lyaka Mevki No:71, 33100 Akdeniz\/Mersin<\/p>\n<\/div>\t\t<\/div>\n\t<\/div>\n<\/div><div class=\"edgtf-eh-item    \"  data-item-class=\"edgtf-eh-custom-7005\">\n\t<div class=\"edgtf-eh-item-inner\">\n\t\t<div class=\"edgtf-eh-item-content edgtf-eh-custom-7005\" style=\"padding: 3px 0 0 0\">\n\t\t\t\n<div class=\"wpcf7 no-js\" id=\"wpcf7-f4821-o1\" lang=\"en-US\" dir=\"ltr\" data-wpcf7-id=\"4821\">\n<div class=\"screen-reader-response\"><p role=\"status\" aria-live=\"polite\" aria-atomic=\"true\"><\/p> <ul><\/ul><\/div>\n<form action=\"\/tr\/wp-json\/wp\/v2\/pages\/4489#wpcf7-f4821-o1\" method=\"post\" class=\"wpcf7-form init\" aria-label=\"Contact form\" novalidate=\"novalidate\" data-status=\"init\">\n<div style=\"display: none;\">\n<input type=\"hidden\" name=\"_wpcf7\" value=\"4821\" \/>\n<input type=\"hidden\" name=\"_wpcf7_version\" value=\"6.0.5\" \/>\n<input type=\"hidden\" name=\"_wpcf7_locale\" value=\"en_US\" \/>\n<input type=\"hidden\" name=\"_wpcf7_unit_tag\" value=\"wpcf7-f4821-o1\" \/>\n<input type=\"hidden\" name=\"_wpcf7_container_post\" value=\"0\" \/>\n<input type=\"hidden\" name=\"_wpcf7_posted_data_hash\" value=\"\" \/>\n<\/div>\n<div class=\"edgt-cf7-wrapper edgtf-custom-form\">\n\t<div class=\"edgtf-grid-row\">\n\t\t<div class=\"edgtf-grid-col-12\">\n\t\t\t<p><span class=\"wpcf7-form-control-wrap\" data-name=\"your-name\"><input size=\"40\" maxlength=\"400\" class=\"wpcf7-form-control wpcf7-text wpcf7-validates-as-required\" aria-required=\"true\" aria-invalid=\"false\" placeholder=\"Ad Soyad*\" value=\"\" type=\"text\" name=\"your-name\" \/><\/span>\n\t\t\t<\/p>\n\t\t<\/div>\n\t<\/div>\n\t<div class=\"edgtf-grid-row\">\n\t\t<div class=\"edgtf-grid-col-12\">\n\t\t\t<p><span class=\"wpcf7-form-control-wrap\" data-name=\"your-name\"><input size=\"40\" maxlength=\"400\" class=\"wpcf7-form-control wpcf7-text wpcf7-validates-as-required\" aria-required=\"true\" aria-invalid=\"false\" placeholder=\"E-posta*\" value=\"\" type=\"text\" name=\"your-name\" \/><\/span>\n\t\t\t<\/p>\n\t\t<\/div>\n\t<\/div>\n\t<div class=\"edgtf-grid-row\">\n\t\t<div class=\"edgtf-grid-col-12\">\n\t\t\t<p><span class=\"wpcf7-form-control-wrap\" data-name=\"your-message\"><textarea cols=\"40\" rows=\"6\" maxlength=\"2000\" class=\"wpcf7-form-control wpcf7-textarea\" aria-invalid=\"false\" placeholder=\"Mesaj\u0131n\u0131z\" name=\"your-message\"><\/textarea><\/span>\n\t\t\t<\/p>\n\t\t<\/div>\n\t<\/div>\n\t<div class=\"edgtf-grid-col-12\">\n\t\t<p><input class=\"wpcf7-form-control wpcf7-submit has-spinner\" type=\"submit\" value=\"G\u00f6nder\" \/>\n\t\t<\/p>\n\t<\/div>\n<\/div><div class=\"wpcf7-response-output\" aria-hidden=\"true\"><\/div>\n<\/form>\n<\/div>\n\t\t<\/div>\n\t<\/div>\n<\/div><\/div>[\/vc_column][\/vc_row]<\/p>\n","protected":false},"excerpt":{"rendered":"<p>[vc_row][vc_column][vc_column_text]\ufeff[\/vc_column_text][\/vc_column][\/vc_row][vc_row row_content_width=&#8221;grid&#8221; css=&#8221;.vc_custom_1511425318477{padding-top: 72px !important;padding-bottom: 98px !important;}&#8221;][vc_column offset=&#8221;vc_col-lg-6 vc_col-md-12 vc_col-xs-12&#8243;][\/vc_column][vc_column offset=&#8221;vc_col-lg-6 vc_col-md-12 vc_col-xs-12&#8243;][\/vc_column][\/vc_row][vc_row row_content_width=&#8221;grid&#8221; css=&#8221;.vc_custom_1511425357778{padding-top: 73px !important;padding-bottom: 75px !important;}&#8221;][vc_column][\/vc_column][\/vc_row]<\/p>\n","protected":false},"author":1,"featured_media":0,"parent":0,"menu_order":0,"comment_status":"closed","ping_status":"closed","template":"full-width.php","meta":{"footnotes":""},"class_list":["post-4489","page","type-page","status-publish","hentry"],"_links":{"self":[{"href":"https:\/\/dekkap.com\/tr\/wp-json\/wp\/v2\/pages\/4489","targetHints":{"allow":["GET"]}}],"collection":[{"href":"https:\/\/dekkap.com\/tr\/wp-json\/wp\/v2\/pages"}],"about":[{"href":"https:\/\/dekkap.com\/tr\/wp-json\/wp\/v2\/types\/page"}],"author":[{"embeddable":true,"href":"https:\/\/dekkap.com\/tr\/wp-json\/wp\/v2\/users\/1"}],"replies":[{"embeddable":true,"href":"https:\/\/dekkap.com\/tr\/wp-json\/wp\/v2\/comments?post=4489"}],"version-history":[{"count":7,"href":"https:\/\/dekkap.com\/tr\/wp-json\/wp\/v2\/pages\/4489\/revisions"}],"predecessor-version":[{"id":4991,"href":"https:\/\/dekkap.com\/tr\/wp-json\/wp\/v2\/pages\/4489\/revisions\/4991"}],"wp:attachment":[{"href":"https:\/\/dekkap.com\/tr\/wp-json\/wp\/v2\/media?parent=4489"}],"curies":[{"name":"wp","href":"https:\/\/api.w.org\/{rel}","templated":true}]}}