{"id":4513,"date":"2021-05-23T15:06:42","date_gmt":"2021-05-23T12:06:42","guid":{"rendered":"https:\/\/dekkap.com\/?page_id=4513"},"modified":"2021-09-24T10:17:44","modified_gmt":"2021-09-24T07:17:44","slug":"our-company","status":"publish","type":"page","link":"https:\/\/dekkap.com\/tr\/our-company\/","title":{"rendered":"Kurumsal"},"content":{"rendered":"<p>[vc_row row_content_width=&#8221;grid&#8221; css=&#8221;.vc_custom_1510582630035{padding-top: 100px !important;padding-bottom: 79px !important;}&#8221;][vc_column offset=&#8221;vc_col-lg-4 vc_col-md-12 vc_col-xs-12&#8243;]<div class=\"edgtf-single-image-holder   \">\n    <div class=\"edgtf-si-inner\" >\n                                    <img loading=\"lazy\" decoding=\"async\" width=\"333\" height=\"332\" src=\"https:\/\/dekkap.com\/wp-content\/uploads\/2021\/05\/h1-img-1-copy.png\" class=\"attachment-full size-full\" alt=\"\" srcset=\"https:\/\/dekkap.com\/wp-content\/uploads\/2021\/05\/h1-img-1-copy.png 333w, https:\/\/dekkap.com\/wp-content\/uploads\/2021\/05\/h1-img-1-copy-300x300.png 300w, https:\/\/dekkap.com\/wp-content\/uploads\/2021\/05\/h1-img-1-copy-150x150.png 150w, https:\/\/dekkap.com\/wp-content\/uploads\/2021\/05\/h1-img-1-copy-100x100.png 100w\" sizes=\"auto, (max-width: 333px) 100vw, 333px\" \/>                        <\/div>\n<\/div>[\/vc_column][vc_column offset=&#8221;vc_col-lg-8 vc_col-md-12 vc_col-xs-12&#8243;]<div class=\"edgtf-elements-holder   edgtf-one-column  edgtf-responsive-mode-768 \" ><div class=\"edgtf-eh-item    \"  data-item-class=\"edgtf-eh-custom-3009\" data-768-1024=\"65px 0% 19px 4%\" data-680-768=\"62px 0% 33px 0%\" data-680=\"15px 0% 0 3%\">\n\t<div class=\"edgtf-eh-item-inner\">\n\t\t<div class=\"edgtf-eh-item-content edgtf-eh-custom-3009\" style=\"padding: 42px 0% 107px 4%\">\n\t\t\t[vc_column_text]<strong>DEKKAP<\/strong><\/p>\n<div class=\"page\" title=\"Page 6\">\n<div class=\"layoutArea\">\n<div class=\"column\">\n<p>DEKKAP, c\u0327o\u0308zu\u0308m odakl\u0131, c\u0327evreye duyarl\u0131 ve ekonomik beton u\u0308ru\u0308nleri u\u0308retiminde uzmanlas\u0327m\u0131s\u0327t\u0131r. Mu\u0308s\u0327terilerimizin ihtiyac\u0327lar\u0131ndan ilham alan beton bo\u0308lu\u0308mu\u0308mu\u0308z DEKKAP, beton malzemenin s\u0131n\u0131rlar\u0131n\u0131 koruyucu is\u0327levinin o\u0308tesine tas\u0327\u0131r. Ekonomi, zeka, estetik ve duygu DEKKAP\u2019a o\u0308nem kazand\u0131ran somut biles\u0327enlerdir.<\/p>\n<\/div>\n<\/div>\n<\/div>\n<div class=\"page\" title=\"Page 7\">\n<div class=\"layoutArea\">\n<div class=\"column\">\n<p>DEKKAP, 100&#8217;den fazla c\u0327al\u0131s\u0327an\u0131yla yaklas\u0327\u0131k yirmi y\u0131ld\u0131r Mersin&#8217;deki (Tu\u0308rkiye) u\u0308retim tesislerinde betondan ak\u0131ll\u0131 cephe c\u0327o\u0308zu\u0308mleri u\u0308retmektedir.<\/p>\n<p><strong>SEKT\u00d6REL V\u0130ZYON<\/strong><\/p>\n<p>Mimarl\u0131\u011f\u0131n gelece\u011fini yaratmak.Mersin \u00dcniversitesi ve \u0130stanbul Teknik \u00dcniversitesi i\u015fbirlikleriyle her zaman bilimsel yakla\u015f\u0131m\u0131 \u00fcr\u00fcn tasar\u0131m\u0131m\u0131za dahil ederek yeni \u00fcr\u00fcnler geli\u015ftirmekte ve sekt\u00f6r\u00fcn ihtiya\u00e7lar\u0131na \u00e7\u00f6z\u00fcmler \u00fcretmekteyiz.<\/p>\n<\/div>\n<\/div>\n<\/div>\n<p>[\/vc_column_text]\t\t<\/div>\n\t<\/div>\n<\/div><\/div>[\/vc_column][\/vc_row][vc_row simple_background_color=&#8221;#2b2b2b&#8221;][vc_column]<div class=\"edgtf-accordion-holder edgtf-ac-default  edgtf-accordion edgtf-in-grid edgtf-light-skin clearfix\">\n\t<h4 class=\"edgtf-accordion-title\">\n\t<span class=\"edgtf-accordion-width\">\n\t\t<span class=\"edgtf-tab-title\">M\u0130MAR\u0130<\/span>\n\t\t<span class=\"edgtf-accordion-mark\">\n\t\t\t<span class=\"edgtf_icon_plus lnr lnr-cross\"><\/span>\n\t\t<\/span>\n\t<\/span>\n<\/h4>\n<div class=\"edgtf-accordion-content\">\n\t<div class=\"edgtf-accordion-content-inner\">\n\t\t<div class=\"edgtf-accordion-width\">\n\t\t\t[vc_row_inner][vc_column_inner width=&#8221;2\/3&#8243;][vc_empty_space height=&#8221;27px&#8221;][vc_column_text css=&#8221;.vc_custom_1632036410490{margin-right: 20px !important;margin-left: 20px !important;}&#8221;]<\/p>\n<h3><span style=\"color: #ffffff;\">\u201cHEP B\u0130RL\u0130KTE<br \/>\nDAHA \u0130Y\u0130 M\u0130MAR\u0130YE\u201d<\/span><\/h3>\n<p>[\/vc_column_text][vc_empty_space height=&#8221;27px&#8221;][vc_column_text css=&#8221;.vc_custom_1632036441733{margin-right: 20px !important;margin-left: 20px !important;}&#8221;]<span style=\"color: #ffffff;\">\u00d6\u011frenciler, sanat\u00e7\u0131lar ve mimarlarla yak\u0131n temas DEKKAP&#8217;ta \u015firket k\u00fclt\u00fcr\u00fcn\u00fc karakterize eder. Yarat\u0131c\u0131l\u0131klar\u0131n\u0131, esnekliklerini ve soyut, analitik d\u00fc\u015f\u00fcnmelerini \u015firketin geli\u015ftirme departman\u0131na katk\u0131da bulunurlar. Buna kar\u015f\u0131l\u0131k DEKKAP, yeni \u00e7al\u0131\u015fmalar\u0131n geli\u015ftirilmesini kolayla\u015ft\u0131r\u0131r ve diyalog yoluyla yeni cevaplar ve \u00e7\u00f6z\u00fcmler bulur. \u00c7ok say\u0131da k\u00fclt\u00fcrel proje, pavyon, sergi vb. DEKKAP tarihinin her zaman bir par\u00e7as\u0131 olmu\u015ftur.<\/span>[\/vc_column_text][vc_empty_space height=&#8221;12px&#8221;][\/vc_column_inner][vc_column_inner width=&#8221;1\/3&#8243;][vc_single_image image=&#8221;4127&#8243; img_size=&#8221;full&#8221;][\/vc_column_inner][\/vc_row_inner]\t\t<\/div>\n\t<\/div>\n<\/div><h4 class=\"edgtf-accordion-title\">\n\t<span class=\"edgtf-accordion-width\">\n\t\t<span class=\"edgtf-tab-title\">\u00d6D\u00dcLLER<\/span>\n\t\t<span class=\"edgtf-accordion-mark\">\n\t\t\t<span class=\"edgtf_icon_plus lnr lnr-cross\"><\/span>\n\t\t<\/span>\n\t<\/span>\n<\/h4>\n<div class=\"edgtf-accordion-content\">\n\t<div class=\"edgtf-accordion-content-inner\">\n\t\t<div class=\"edgtf-accordion-width\">\n\t\t\t[vc_row_inner][vc_column_inner width=&#8221;2\/3&#8243;][vc_column_text css=&#8221;.vc_custom_1632036579306{margin-right: 20px !important;margin-left: 20px !important;}&#8221;]<\/p>\n<h3><span style=\"color: #ffffff;\">\u201cB\u0130RL\u0130KTE<br \/>\n<span style=\"color: #ffffff;\">B\u00dcY\u00dcYORUZ\u201d<\/span><\/span><\/h3>\n<p>[\/vc_column_text][vc_empty_space height=&#8221;17px&#8221;][vc_column_text css=&#8221;.vc_custom_1632036512413{margin-right: 20px !important;margin-left: 20px !important;}&#8221;]<span style=\"color: #ffffff;\">M\u00fckemmel \u00fcr\u00fcnler, i\u015flevsellik ve tasar\u0131m ile karakterize edilir. \u00c7ok say\u0131da uluslararas\u0131 \u00f6d\u00fcl ve tasar\u0131m \u00f6d\u00fcl\u00fc, Dekkap&#8217;\u0131n beton \u00e7\u00f6z\u00fcmlerinin kalitesini ve yenilik\u00e7i g\u00fcc\u00fcn\u00fc kabul etmektedir. \u00dcr\u00fcnlerin veya hayata ge\u00e7irilen projelerin \u00f6d\u00fcl ald\u0131\u011f\u0131 en \u00f6nemli yar\u0131\u015fmalardan bir kesit burada.<\/span>[\/vc_column_text][vc_empty_space height=&#8221;12px&#8221;][\/vc_column_inner][vc_column_inner width=&#8221;1\/3&#8243;][vc_single_image image=&#8221;4132&#8243; img_size=&#8221;full&#8221;][\/vc_column_inner][\/vc_row_inner]\t\t<\/div>\n\t<\/div>\n<\/div><\/div>[\/vc_column][\/vc_row]<\/p>\n","protected":false},"excerpt":{"rendered":"<p>[vc_row row_content_width=&#8221;grid&#8221; css=&#8221;.vc_custom_1510582630035{padding-top: 100px !important;padding-bottom: 79px !important;}&#8221;][vc_column offset=&#8221;vc_col-lg-4 vc_col-md-12 vc_col-xs-12&#8243;][\/vc_column][vc_column offset=&#8221;vc_col-lg-8 vc_col-md-12 vc_col-xs-12&#8243;][\/vc_column][\/vc_row][vc_row simple_background_color=&#8221;#2b2b2b&#8221;][vc_column][\/vc_column][\/vc_row]<\/p>\n","protected":false},"author":1,"featured_media":0,"parent":0,"menu_order":0,"comment_status":"closed","ping_status":"closed","template":"full-width.php","meta":{"footnotes":""},"class_list":["post-4513","page","type-page","status-publish","hentry"],"_links":{"self":[{"href":"https:\/\/dekkap.com\/tr\/wp-json\/wp\/v2\/pages\/4513","targetHints":{"allow":["GET"]}}],"collection":[{"href":"https:\/\/dekkap.com\/tr\/wp-json\/wp\/v2\/pages"}],"about":[{"href":"https:\/\/dekkap.com\/tr\/wp-json\/wp\/v2\/types\/page"}],"author":[{"embeddable":true,"href":"https:\/\/dekkap.com\/tr\/wp-json\/wp\/v2\/users\/1"}],"replies":[{"embeddable":true,"href":"https:\/\/dekkap.com\/tr\/wp-json\/wp\/v2\/comments?post=4513"}],"version-history":[{"count":1,"href":"https:\/\/dekkap.com\/tr\/wp-json\/wp\/v2\/pages\/4513\/revisions"}],"predecessor-version":[{"id":4852,"href":"https:\/\/dekkap.com\/tr\/wp-json\/wp\/v2\/pages\/4513\/revisions\/4852"}],"wp:attachment":[{"href":"https:\/\/dekkap.com\/tr\/wp-json\/wp\/v2\/media?parent=4513"}],"curies":[{"name":"wp","href":"https:\/\/api.w.org\/{rel}","templated":true}]}}