{"id":4517,"date":"2021-05-23T15:09:14","date_gmt":"2021-05-23T12:09:14","guid":{"rendered":"https:\/\/dekkap.com\/?page_id=4517"},"modified":"2021-09-24T10:19:22","modified_gmt":"2021-09-24T07:19:22","slug":"our-team","status":"publish","type":"page","link":"https:\/\/dekkap.com\/tr\/our-team\/","title":{"rendered":"Ekibimiz"},"content":{"rendered":"<p>[vc_row css=&#8221;.vc_custom_1511476655150{padding-top: 100px !important;padding-bottom: 48px !important;}&#8221;][vc_column]<div class=\"edgtf-elements-holder   edgtf-one-column  edgtf-responsive-mode-768 \" ><div class=\"edgtf-eh-item   edgtf-horizontal-alignment-center \"  data-item-class=\"edgtf-eh-custom-7031\" data-1024-1280=\"0 62px 0 30px\" data-768-1024=\"0 130px 0 95px\" data-680=\"0 67px 0 67px\">\n\t<div class=\"edgtf-eh-item-inner\">\n\t\t<div class=\"edgtf-eh-item-content edgtf-eh-custom-7031\" style=\"padding: 0 91px 0 61px\">\n\t\t\t[vc_row_inner][vc_column_inner]<div class=\"edgtf-team-list-holder edgtf-large-space edgtf-tl-three-columns edgtf-show-info-on-appear edgtf-tl-has-parallax-scroll\">\n\t<div class=\"edgtf-tl-inner edgtf-outer-space \" data-number-of-items=\"3\" data-enable-navigation=\"no\" data-enable-pagination=\"no\">\n\t\t<div class=\"edgtf-team edgtf-item-space info-hover\">\n    <div class=\"edgtf-team-inner \">\n                    <div class=\"edgtf-team-info-tb\" data-parallax=\"{&quot;y&quot;: 30, &quot;smoothness&quot;: 20}\">\n                <div class=\"edgtf-team-info-tc\">\n                    <div class=\"edgtf-team-title-holder\">\n                        <h4 itemprop=\"name\" class=\"edgtf-team-name entry-title\">\n                            <a itemprop=\"url\" href=\"https:\/\/dekkap.com\/tr\/team-member\/jorge-niemeyer\/\">Volkan GED\u0130K<\/a>\n                        <\/h4>\n\t\t\t\t                                    <h6 class=\"edgtf-team-position\">TEKN\u0130K OF\u0130S \u015eEF\u0130<\/h6>\n\t\t\t\t                            <\/div>\n\t\t\t\t\t                <\/div>\n            <\/div>\n            <div class=\"edgtf-team-bg\" ><\/div>\n            <div class=\"edgtf-team-image\"  data-parallax=\"{&quot;y&quot;: -36, &quot;smoothness&quot;: 40}\">\n                <img loading=\"lazy\" decoding=\"async\" width=\"1000\" height=\"1389\" src=\"https:\/\/dekkap.com\/wp-content\/uploads\/2017\/10\/volkan-gedik-teknik-ofis-s\u0327efi-.jpeg\" class=\"attachment-post-thumbnail size-post-thumbnail wp-post-image\" alt=\"\" srcset=\"https:\/\/dekkap.com\/wp-content\/uploads\/2017\/10\/volkan-gedik-teknik-ofis-s\u0327efi-.jpeg 1000w, https:\/\/dekkap.com\/wp-content\/uploads\/2017\/10\/volkan-gedik-teknik-ofis-s\u0327efi--216x300.jpeg 216w, https:\/\/dekkap.com\/wp-content\/uploads\/2017\/10\/volkan-gedik-teknik-ofis-s\u0327efi--737x1024.jpeg 737w, https:\/\/dekkap.com\/wp-content\/uploads\/2017\/10\/volkan-gedik-teknik-ofis-s\u0327efi--768x1067.jpeg 768w, https:\/\/dekkap.com\/wp-content\/uploads\/2017\/10\/volkan-gedik-teknik-ofis-s\u0327efi--600x833.jpeg 600w\" sizes=\"auto, (max-width: 1000px) 100vw, 1000px\" \/>            <\/div>\n            <\/div>\n<\/div><div class=\"edgtf-team edgtf-item-space info-hover\">\n    <div class=\"edgtf-team-inner \">\n                    <div class=\"edgtf-team-info-tb\" data-parallax=\"{&quot;y&quot;: 20, &quot;smoothness&quot;: 20}\">\n                <div class=\"edgtf-team-info-tc\">\n                    <div class=\"edgtf-team-title-holder\">\n                        <h4 itemprop=\"name\" class=\"edgtf-team-name entry-title\">\n                            <a itemprop=\"url\" href=\"https:\/\/dekkap.com\/tr\/team-member\/ozlem-kaygisiz\/\">\u00d6zlem KAYGISIZ<\/a>\n                        <\/h4>\n\t\t\t\t                                    <h6 class=\"edgtf-team-position\">MAL\u0130 \u0130\u015eLER M\u00dcD\u00dcR\u00dc<\/h6>\n\t\t\t\t                            <\/div>\n\t\t\t\t\t                <\/div>\n            <\/div>\n            <div class=\"edgtf-team-bg\" ><\/div>\n            <div class=\"edgtf-team-image\"  data-parallax=\"{&quot;y&quot;: -39, &quot;smoothness&quot;: 40}\">\n                <img loading=\"lazy\" decoding=\"async\" width=\"1000\" height=\"1389\" src=\"https:\/\/dekkap.com\/wp-content\/uploads\/2017\/10\/o\u0308zlem-kaygisiz-mali-is\u0327ler-mu\u0308du\u0308ru\u0308.jpeg\" class=\"attachment-post-thumbnail size-post-thumbnail wp-post-image\" alt=\"\" srcset=\"https:\/\/dekkap.com\/wp-content\/uploads\/2017\/10\/o\u0308zlem-kaygisiz-mali-is\u0327ler-mu\u0308du\u0308ru\u0308.jpeg 1000w, https:\/\/dekkap.com\/wp-content\/uploads\/2017\/10\/o\u0308zlem-kaygisiz-mali-is\u0327ler-mu\u0308du\u0308ru\u0308-216x300.jpeg 216w, https:\/\/dekkap.com\/wp-content\/uploads\/2017\/10\/o\u0308zlem-kaygisiz-mali-is\u0327ler-mu\u0308du\u0308ru\u0308-737x1024.jpeg 737w, https:\/\/dekkap.com\/wp-content\/uploads\/2017\/10\/o\u0308zlem-kaygisiz-mali-is\u0327ler-mu\u0308du\u0308ru\u0308-768x1067.jpeg 768w, https:\/\/dekkap.com\/wp-content\/uploads\/2017\/10\/o\u0308zlem-kaygisiz-mali-is\u0327ler-mu\u0308du\u0308ru\u0308-600x833.jpeg 600w\" sizes=\"auto, (max-width: 1000px) 100vw, 1000px\" \/>            <\/div>\n            <\/div>\n<\/div><div class=\"edgtf-team edgtf-item-space info-hover\">\n    <div class=\"edgtf-team-inner \">\n                    <div class=\"edgtf-team-info-tb\" data-parallax=\"{&quot;y&quot;: 23, &quot;smoothness&quot;: 20}\">\n                <div class=\"edgtf-team-info-tc\">\n                    <div class=\"edgtf-team-title-holder\">\n                        <h4 itemprop=\"name\" class=\"edgtf-team-name entry-title\">\n                            <a itemprop=\"url\" href=\"https:\/\/dekkap.com\/tr\/team-member\/munise-babuccu\/\">M\u00fcnise BABUCCU<\/a>\n                        <\/h4>\n\t\t\t\t                                    <h6 class=\"edgtf-team-position\">CAR\u0130 MUHASEBE SORUMLUSU<\/h6>\n\t\t\t\t                            <\/div>\n\t\t\t\t\t                <\/div>\n            <\/div>\n            <div class=\"edgtf-team-bg\" ><\/div>\n            <div class=\"edgtf-team-image\"  data-parallax=\"{&quot;y&quot;: -37, &quot;smoothness&quot;: 40}\">\n                <img loading=\"lazy\" decoding=\"async\" width=\"1000\" height=\"1389\" src=\"https:\/\/dekkap.com\/wp-content\/uploads\/2017\/10\/mu\u0308nise-babuccu-cari-mu\u0308hasebe-sorumlusu.jpeg\" class=\"attachment-post-thumbnail size-post-thumbnail wp-post-image\" alt=\"\" srcset=\"https:\/\/dekkap.com\/wp-content\/uploads\/2017\/10\/mu\u0308nise-babuccu-cari-mu\u0308hasebe-sorumlusu.jpeg 1000w, https:\/\/dekkap.com\/wp-content\/uploads\/2017\/10\/mu\u0308nise-babuccu-cari-mu\u0308hasebe-sorumlusu-216x300.jpeg 216w, https:\/\/dekkap.com\/wp-content\/uploads\/2017\/10\/mu\u0308nise-babuccu-cari-mu\u0308hasebe-sorumlusu-737x1024.jpeg 737w, https:\/\/dekkap.com\/wp-content\/uploads\/2017\/10\/mu\u0308nise-babuccu-cari-mu\u0308hasebe-sorumlusu-768x1067.jpeg 768w, https:\/\/dekkap.com\/wp-content\/uploads\/2017\/10\/mu\u0308nise-babuccu-cari-mu\u0308hasebe-sorumlusu-600x833.jpeg 600w\" sizes=\"auto, (max-width: 1000px) 100vw, 1000px\" \/>            <\/div>\n            <\/div>\n<\/div><div class=\"edgtf-team edgtf-item-space info-hover\">\n    <div class=\"edgtf-team-inner \">\n                    <div class=\"edgtf-team-info-tb\" data-parallax=\"{&quot;y&quot;: 24, &quot;smoothness&quot;: 20}\">\n                <div class=\"edgtf-team-info-tc\">\n                    <div class=\"edgtf-team-title-holder\">\n                        <h4 itemprop=\"name\" class=\"edgtf-team-name entry-title\">\n                            <a itemprop=\"url\" href=\"https:\/\/dekkap.com\/tr\/team-member\/fikret-kayik\/\">Fikret KAYIK<\/a>\n                        <\/h4>\n\t\t\t\t                                    <h6 class=\"edgtf-team-position\">\u0130N\u015eAAT TEKN\u0130KER\u0130<\/h6>\n\t\t\t\t                            <\/div>\n\t\t\t\t\t                <\/div>\n            <\/div>\n            <div class=\"edgtf-team-bg\" ><\/div>\n            <div class=\"edgtf-team-image\"  data-parallax=\"{&quot;y&quot;: -40, &quot;smoothness&quot;: 40}\">\n                <img loading=\"lazy\" decoding=\"async\" width=\"1000\" height=\"1389\" src=\"https:\/\/dekkap.com\/wp-content\/uploads\/2017\/11\/fikret-kayik-ins\u0327aat-teknikeri.jpeg\" class=\"attachment-post-thumbnail size-post-thumbnail wp-post-image\" alt=\"\" srcset=\"https:\/\/dekkap.com\/wp-content\/uploads\/2017\/11\/fikret-kayik-ins\u0327aat-teknikeri.jpeg 1000w, https:\/\/dekkap.com\/wp-content\/uploads\/2017\/11\/fikret-kayik-ins\u0327aat-teknikeri-216x300.jpeg 216w, https:\/\/dekkap.com\/wp-content\/uploads\/2017\/11\/fikret-kayik-ins\u0327aat-teknikeri-737x1024.jpeg 737w, https:\/\/dekkap.com\/wp-content\/uploads\/2017\/11\/fikret-kayik-ins\u0327aat-teknikeri-768x1067.jpeg 768w, https:\/\/dekkap.com\/wp-content\/uploads\/2017\/11\/fikret-kayik-ins\u0327aat-teknikeri-600x833.jpeg 600w\" sizes=\"auto, (max-width: 1000px) 100vw, 1000px\" \/>            <\/div>\n            <\/div>\n<\/div>\t<\/div>\n<\/div>[\/vc_column_inner][\/vc_row_inner]\t\t<\/div>\n\t<\/div>\n<\/div><\/div>[\/vc_column][\/vc_row]<\/p>\n","protected":false},"excerpt":{"rendered":"<p>[vc_row css=&#8221;.vc_custom_1511476655150{padding-top: 100px !important;padding-bottom: 48px !important;}&#8221;][vc_column][\/vc_column][\/vc_row]<\/p>\n","protected":false},"author":1,"featured_media":0,"parent":0,"menu_order":0,"comment_status":"closed","ping_status":"closed","template":"full-width.php","meta":{"footnotes":""},"class_list":["post-4517","page","type-page","status-publish","hentry"],"_links":{"self":[{"href":"https:\/\/dekkap.com\/tr\/wp-json\/wp\/v2\/pages\/4517","targetHints":{"allow":["GET"]}}],"collection":[{"href":"https:\/\/dekkap.com\/tr\/wp-json\/wp\/v2\/pages"}],"about":[{"href":"https:\/\/dekkap.com\/tr\/wp-json\/wp\/v2\/types\/page"}],"author":[{"embeddable":true,"href":"https:\/\/dekkap.com\/tr\/wp-json\/wp\/v2\/users\/1"}],"replies":[{"embeddable":true,"href":"https:\/\/dekkap.com\/tr\/wp-json\/wp\/v2\/comments?post=4517"}],"version-history":[{"count":1,"href":"https:\/\/dekkap.com\/tr\/wp-json\/wp\/v2\/pages\/4517\/revisions"}],"predecessor-version":[{"id":4854,"href":"https:\/\/dekkap.com\/tr\/wp-json\/wp\/v2\/pages\/4517\/revisions\/4854"}],"wp:attachment":[{"href":"https:\/\/dekkap.com\/tr\/wp-json\/wp\/v2\/media?parent=4517"}],"curies":[{"name":"wp","href":"https:\/\/api.w.org\/{rel}","templated":true}]}}